{"id":3165,"date":"2019-02-23T09:07:28","date_gmt":"2019-02-23T09:07:28","guid":{"rendered":"https:\/\/villa-ibiza-resort.de\/la-villa\/"},"modified":"2024-02-04T20:56:12","modified_gmt":"2024-02-04T20:56:12","slug":"la-villa","status":"publish","type":"page","link":"https:\/\/villa-ibiza-resort.de\/fr\/la-villa\/","title":{"rendered":"La Villa"},"content":{"rendered":"<div class=\"wpb-content-wrapper\">[vc_row][vc_column][vc_wp_text]\n<p class=\"phint\">Veuillez cliquer sur l&rsquo;image pour l&rsquo;agrandir.<\/p>\n<p>&nbsp;<\/p>\n[\/vc_wp_text][\/vc_column][\/vc_row][vc_row][vc_column][vc_tta_accordion style=\u00a0\u00bbflat\u00a0\u00bb shape=\u00a0\u00bbsquare\u00a0\u00bb color=\u00a0\u00bbwhite\u00a0\u00bb spacing=\u00a0\u00bb30&Prime; c_icon=\u00a0\u00bbchevron\u00a0\u00bb active_section=\u00a0\u00bb1&Prime; no_fill=\u00a0\u00bbtrue\u00a0\u00bb][vc_tta_section tab_id=\u00a0\u00bbstyle\u00a0\u00bb title=\u00a0\u00bbLe style\u00a0\u00bb][vc_row_inner equal_height=\u00a0\u00bbyes\u00a0\u00bb][vc_column_inner width=\u00a0\u00bb1\/2&Prime;][vc_single_image image=\u00a0\u00bb3897&Prime; img_size=\u00a0\u00bblarge\u00a0\u00bb onclick=\u00a0\u00bblink_image\u00a0\u00bb][\/vc_column_inner][vc_column_inner width=\u00a0\u00bb1\/2&Prime;][vc_wp_text]\n<p>La maison n&rsquo;a rien \u00e0 envier \u00e0 la plupart des maisons modernes blanches, telles qu&rsquo;on les conna\u00eet dans les catalogues haut de gamme. <br \/>\nLa villa est une synth\u00e8se de maisons dans le style traditionelle d\u2019Ibiza et du style Bauhaus. Sa chaude tonalit\u00e9 terracotta s&rsquo;harmonise de mani\u00e8re bienfaisante avec le bleu du ciel et le vert des pins. C&rsquo;est une villa pour des individualistes d\u00e9sireux de vivre leur personnalit\u00e9 en vacances et ne voulant pas se soumettre au diktat d&rsquo;un style branch\u00e9 et \u00e9ph\u00e9m\u00e8re.<br \/>\nElle est discr\u00e8te, humaine et se dispense de vous imposer les tendances du moment. D\u00e9contract\u00e9e, elle laisse la priorit\u00e9 \u00e0 l&rsquo;habitant. La maison est cette sc\u00e8ne sur laquelle montent la nature et les habitants.<\/p>\n[\/vc_wp_text][\/vc_column_inner][\/vc_row_inner][\/vc_tta_section][vc_tta_section i_position=\u00a0\u00bbright\u00a0\u00bb i_icon_fontawesome=\u00a0\u00bbfa fa-chevron-circle-right\u00a0\u00bb add_icon=\u00a0\u00bbtrue\u00a0\u00bb title=\u00a0\u00bbDetails\u00a0\u00bb tab_id=\u00a0\u00bbdetails\u00a0\u00bb][vc_row_inner][vc_column_inner width=\u00a0\u00bb1\/2&Prime;][vc_wp_text]\n<ul style=\"list-style-type: disc;\">\n<li>4 chambres \u00e0 coucher, 4 salles de bain<\/li>\n<li>Occupation maximale : 8 personnes<\/li>\n<li>Jour d&rsquo;arriv\u00e9e : samedi<\/li>\n<li>dur\u00e9e minimale de location : 1 semaine<\/li>\n<li>pour une p\u00e9riode de location plus longue, d&rsquo;autres jours de d\u00e9part sont possibles<\/li>\n<li>Surface habitable de 260 m\u00b2.<\/li>\n<li>terrain de 10.000 qm<\/li>\n<li>Connexion Internet Hi-Speed par fibre optique<\/li>\n<li>Grand salon avec cuisine ouverte<\/li>\n<li>Grande terrasse couverte<\/li>\n<li>Piscine de 12&#215;4 m\u00e8tres<\/li>\n<li>Au bord de la piscine : lit bali couvert, 6 chaises longues, espace chill out.<\/li>\n<li>Climatiseurs int\u00e9gr\u00e9s dans toutes les chambres. Ceux qui n&rsquo;appr\u00e9cient pas la climatisation peuvent utiliser les grands ventilateurs de plafond au-dessus des lits.<\/li>\n<li>La villa est prot\u00e9g\u00e9e par un syst\u00e8me d&rsquo;alarme.<\/li>\n<\/ul>\n[\/vc_wp_text][\/vc_column_inner][vc_column_inner width=\u00a0\u00bb1\/2&Prime;][vc_single_image image=\u00a0\u00bb3913&Prime; img_size=\u00a0\u00bblarge\u00a0\u00bb alignment=\u00a0\u00bbright\u00a0\u00bb onclick=\u00a0\u00bblink_image\u00a0\u00bb][\/vc_column_inner][\/vc_row_inner][\/vc_tta_section][vc_tta_section i_position=\u00a0\u00bbright\u00a0\u00bb i_icon_fontawesome=\u00a0\u00bbfa fa-chevron-circle-right\u00a0\u00bb add_icon=\u00a0\u00bbtrue\u00a0\u00bb title=\u00a0\u00bbL&rsquo;am\u00e9nagement int\u00e9rieur\u00a0\u00bb tab_id=\u00a0\u00bbvilla_content\u00a0\u00bb][vc_row_inner][vc_column_inner width=\u00a0\u00bb1\/2&Prime;][vc_single_image image=\u00a0\u00bb3511&Prime; img_size=\u00a0\u00bblarge\u00a0\u00bb onclick=\u00a0\u00bblink_image\u00a0\u00bb][\/vc_column_inner][vc_column_inner width=\u00a0\u00bb1\/2&Prime;][vc_wp_text]\n<p>Seuls de nobles mat\u00e9riaux, que la patine du temps embellit, ont \u00e9t\u00e9 utilis\u00e9s, comme la pierre naturelle, le b\u00e9ton apparent, le bois de teck et le cuir. Le langage des formes est clair et ne n\u00e9cessite aucun \u00e9l\u00e9ment d\u00e9coratif superflu.<br \/>\nIl r\u00e8gne une \u00e9l\u00e9gance discr\u00e8te et une l\u00e9g\u00e8ret\u00e9 naturelle, dans le plus grand confort.<\/p>\n[\/vc_wp_text][\/vc_column_inner][\/vc_row_inner][\/vc_tta_section][vc_tta_section i_position=\u00a0\u00bbright\u00a0\u00bb i_icon_fontawesome=\u00a0\u00bbfa fa-chevron-circle-right\u00a0\u00bb add_icon=\u00a0\u00bbtrue\u00a0\u00bb title=\u00a0\u00bbL&rsquo;\u00e9clairage\u00a0\u00bb tab_id=\u00a0\u00bblichtgestaltung\u00a0\u00bb][vc_row_inner][vc_column_inner width=\u00a0\u00bb1\/2&Prime;][vc_wp_text]\n<p>L&rsquo;id\u00e9e est de ne pas voir la source lumineuse, mais au contraire l&rsquo;espace lumineux qu&rsquo;elle cr\u00e9e.<br \/>\nSelon les designers \u00e9clairagistes, la plus belle lumi\u00e8re na\u00eet en tombant \u00e0 travers un fin papier de riz. Les pi\u00e8ces sont alors plong\u00e9es dans une teinte chaude et claire, qui n&rsquo;aveugle pas.<\/p>\n[\/vc_wp_text][\/vc_column_inner][vc_column_inner width=\u00a0\u00bb1\/2&Prime;][vc_single_image image=\u00a0\u00bb4005&Prime; img_size=\u00a0\u00bblarge\u00a0\u00bb alignment=\u00a0\u00bbright\u00a0\u00bb onclick=\u00a0\u00bblink_image\u00a0\u00bb][\/vc_column_inner][\/vc_row_inner][\/vc_tta_section][vc_tta_section i_position=\u00a0\u00bbright\u00a0\u00bb i_icon_fontawesome=\u00a0\u00bbfa fa-chevron-circle-right\u00a0\u00bb add_icon=\u00a0\u00bbtrue\u00a0\u00bb title=\u00a0\u00bbLes chambres\u00a0\u00bb tab_id=\u00a0\u00bbschlafzimmer\u00a0\u00bb][vc_row_inner][vc_column_inner width=\u00a0\u00bb1\/2&Prime;][vc_single_image image=\u00a0\u00bb4002&Prime; img_size=\u00a0\u00bblarge\u00a0\u00bb onclick=\u00a0\u00bblink_image\u00a0\u00bb][\/vc_column_inner][vc_column_inner width=\u00a0\u00bb1\/2&Prime;][vc_wp_text]\n<p>La relation avec la nature est belle. Gr\u00e2ce \u00e0 une grande porte vitr\u00e9e, on est \u00e0 l&rsquo;ext\u00e9rieur dans chaque chambre. Les larges lits doubles en bois de teck, ensemble avec les \u00e9tag\u00e8res et les bureaux, \u00e9galement en bois de teck, diffusent leur senteur caract\u00e9ristique.<br \/>\nChaque chambre dispose d&rsquo;une salle de bains raffin\u00e9e ; on est ainsi, \u00e0 tout moment, dans sa sph\u00e8re intime sans \u00eatre d\u00e9rang\u00e9.<\/p>\n[\/vc_wp_text][\/vc_column_inner][\/vc_row_inner][\/vc_tta_section][vc_tta_section i_position=\u00a0\u00bbright\u00a0\u00bb i_icon_fontawesome=\u00a0\u00bbfa fa-chevron-circle-right\u00a0\u00bb add_icon=\u00a0\u00bbtrue\u00a0\u00bb title=\u00a0\u00bbLes salles de bains\u00a0\u00bb tab_id=\u00a0\u00bbbaeder\u00a0\u00bb][vc_row_inner][vc_column_inner width=\u00a0\u00bb1\/2&Prime;][vc_wp_text]\n<p>Elles sont volontairement puristes et fonctionnelles. Seuls des mat\u00e9riaux comme le gr\u00e8s, le calcaire et le verre ont \u00e9t\u00e9 utilis\u00e9s.<br \/>\nLa mise en forme est simple et tr\u00e8s pertinente. Les robinetteries portent la griffe de designers comme Fantini, Philip Starck pour la baignoire et Duravit pour un design pur.<\/p>\n[\/vc_wp_text][\/vc_column_inner][vc_column_inner width=\u00a0\u00bb1\/2&Prime;][vc_single_image image=\u00a0\u00bb3881&Prime; img_size=\u00a0\u00bblarge\u00a0\u00bb alignment=\u00a0\u00bbright\u00a0\u00bb onclick=\u00a0\u00bblink_image\u00a0\u00bb][\/vc_column_inner][\/vc_row_inner][\/vc_tta_section][vc_tta_section i_position=\u00a0\u00bbright\u00a0\u00bb i_icon_fontawesome=\u00a0\u00bbfa fa-chevron-circle-right\u00a0\u00bb add_icon=\u00a0\u00bbtrue\u00a0\u00bb title=\u00a0\u00bbLa cuisine\u00a0\u00bb tab_id=\u00a0\u00bbkueche\u00a0\u00bb][vc_row_inner][vc_column_inner width=\u00a0\u00bb1\/2&Prime;][vc_single_image image=\u00a0\u00bb3837&Prime; img_size=\u00a0\u00bblarge\u00a0\u00bb onclick=\u00a0\u00bblink_image\u00a0\u00bb][\/vc_column_inner][vc_column_inner width=\u00a0\u00bb1\/2&Prime;][vc_wp_text]\n<p>Dans la cuisine d\u00e9cloisonn\u00e9e ultra-moderne, le cuisinier a un \u0153il sur la mer, tout en concoctant des plats m\u00e9diterran\u00e9ens sur la grande table de cuisson au gaz.<br \/>\nLes grands plans de travail sont con\u00e7us par Max Kant, designer travaillant les plaques de b\u00e9ton; d&rsquo;ailleurs, nous avons constat\u00e9 que, comme par magie, les clients \u00e9taient attir\u00e9s par ces plans et aimaient se rapprocher du cuisinier pour discuter, autour d&rsquo;un verre de vin.<\/p>\n[\/vc_wp_text][\/vc_column_inner][\/vc_row_inner][\/vc_tta_section][vc_tta_section i_position=\u00a0\u00bbright\u00a0\u00bb i_icon_fontawesome=\u00a0\u00bbfa fa-chevron-circle-right\u00a0\u00bb add_icon=\u00a0\u00bbtrue\u00a0\u00bb title=\u00a0\u00bbLa piscine\u00a0\u00bb tab_id=\u00a0\u00bbpool\u00a0\u00bb][vc_row_inner][vc_column_inner width=\u00a0\u00bb1\/2&Prime;][vc_wp_text]\n<p>Avec 12 m\u00e8tres de longueur, il y a, non seulement, de l&rsquo;espace pour se baigner mais aussi pour nager r\u00e9ellement.<\/p>\n[\/vc_wp_text][\/vc_column_inner][vc_column_inner width=\u00a0\u00bb1\/2&Prime;][vc_single_image image=\u00a0\u00bb3039&Prime; img_size=\u00a0\u00bblarge\u00a0\u00bb alignment=\u00a0\u00bbright\u00a0\u00bb onclick=\u00a0\u00bblink_image\u00a0\u00bb][\/vc_column_inner][\/vc_row_inner][\/vc_tta_section][\/vc_tta_accordion][\/vc_column][\/vc_row][vc_row][vc_column][vc_column_text]\n<h4 style=\"text-transform: none;\"><span class=\"tlid-translation translation\"><span class=\"\" title=\"\">Int\u00e9ress\u00e9? Jetez un coup d&rsquo;\u0153il \u00e0 la <a href=\"https:\/\/villa-ibiza-resort.de\/fr\/room\/villa-ibiza-resort\/\">disponibilit\u00e9 de notre villa<\/a> et envoyez-nous une demande de r\u00e9servation.<\/span><\/span><\/h4>\n<p>&nbsp;<\/p>\n[\/vc_column_text][vc_column_text]\n<p style=\"font-size: 10pt; text-align: center;\">\u00a9 papier peint: Hussain Warraich, shutterstock.com<\/p>\n<p>&nbsp;<\/p>\n[\/vc_column_text][\/vc_column][\/vc_row]\n<\/div>","protected":false},"excerpt":{"rendered":"<p>[vc_row][vc_column][vc_wp_text] Veuillez cliquer sur l&rsquo;image pour l&rsquo;agrandir. &nbsp; [\/vc_wp_text][\/vc_column][\/vc_row][vc_row][vc_column][vc_tta_accordion style=\u00a0\u00bbflat\u00a0\u00bb shape=\u00a0\u00bbsquare\u00a0\u00bb color=\u00a0\u00bbwhite\u00a0\u00bb spacing=\u00a0\u00bb30&Prime; c_icon=\u00a0\u00bbchevron\u00a0\u00bb active_section=\u00a0\u00bb1&Prime; no_fill=\u00a0\u00bbtrue\u00a0\u00bb][vc_tta_section tab_id=\u00a0\u00bbstyle\u00a0\u00bb title=\u00a0\u00bbLe style\u00a0\u00bb][vc_row_inner equal_height=\u00a0\u00bbyes\u00a0\u00bb][vc_column_inner width=\u00a0\u00bb1\/2&Prime;][vc_single_image image=\u00a0\u00bb3897&Prime; img_size=\u00a0\u00bblarge\u00a0\u00bb onclick=\u00a0\u00bblink_image\u00a0\u00bb][\/vc_column_inner][vc_column_inner width=\u00a0\u00bb1\/2&Prime;][vc_wp_text] La maison n&rsquo;a rien \u00e0 envier \u00e0 la plupart des maisons modernes blanches, telles qu&rsquo;on les conna\u00eet dans les catalogues haut de gamme. La villa est une synth\u00e8se de maisons [&hellip;]<\/p>\n","protected":false},"author":7,"featured_media":3149,"parent":0,"menu_order":0,"comment_status":"closed","ping_status":"closed","template":"","meta":{"footnotes":""},"class_list":["post-3165","page","type-page","status-publish","has-post-thumbnail","hentry"],"yoast_head":"<!-- This site is optimized with the Yoast SEO plugin v26.5 - https:\/\/yoast.com\/wordpress\/plugins\/seo\/ -->\n<title>La Villa - Villa Ibiza Resort<\/title>\n<meta name=\"robots\" content=\"index, follow, max-snippet:-1, max-image-preview:large, max-video-preview:-1\" \/>\n<link rel=\"canonical\" href=\"https:\/\/villa-ibiza-resort.de\/fr\/la-villa\/\" \/>\n<meta property=\"og:locale\" content=\"fr_FR\" \/>\n<meta property=\"og:type\" content=\"article\" \/>\n<meta property=\"og:title\" content=\"La Villa - Villa Ibiza Resort\" \/>\n<meta property=\"og:description\" content=\"[vc_row][vc_column][vc_wp_text] Veuillez cliquer sur l&rsquo;image pour l&rsquo;agrandir. &nbsp; [\/vc_wp_text][\/vc_column][\/vc_row][vc_row][vc_column][vc_tta_accordion style=\u00a0\u00bbflat\u00a0\u00bb shape=\u00a0\u00bbsquare\u00a0\u00bb color=\u00a0\u00bbwhite\u00a0\u00bb spacing=\u00a0\u00bb30&Prime; c_icon=\u00a0\u00bbchevron\u00a0\u00bb active_section=\u00a0\u00bb1&Prime; no_fill=\u00a0\u00bbtrue\u00a0\u00bb][vc_tta_section tab_id=\u00a0\u00bbstyle\u00a0\u00bb title=\u00a0\u00bbLe style\u00a0\u00bb][vc_row_inner equal_height=\u00a0\u00bbyes\u00a0\u00bb][vc_column_inner width=\u00a0\u00bb1\/2&Prime;][vc_single_image image=\u00a0\u00bb3897&Prime; img_size=\u00a0\u00bblarge\u00a0\u00bb onclick=\u00a0\u00bblink_image\u00a0\u00bb][\/vc_column_inner][vc_column_inner width=\u00a0\u00bb1\/2&Prime;][vc_wp_text] La maison n&rsquo;a rien \u00e0 envier \u00e0 la plupart des maisons modernes blanches, telles qu&rsquo;on les conna\u00eet dans les catalogues haut de gamme. La villa est une synth\u00e8se de maisons [&hellip;]\" \/>\n<meta property=\"og:url\" content=\"https:\/\/villa-ibiza-resort.de\/fr\/la-villa\/\" \/>\n<meta property=\"og:site_name\" content=\"Villa Ibiza Resort\" \/>\n<meta property=\"article:modified_time\" content=\"2024-02-04T20:56:12+00:00\" \/>\n<meta property=\"og:image\" content=\"https:\/\/villa-ibiza-resort.de\/wp-content\/uploads\/49.jpg\" \/>\n\t<meta property=\"og:image:width\" content=\"1024\" \/>\n\t<meta property=\"og:image:height\" content=\"682\" \/>\n\t<meta property=\"og:image:type\" content=\"image\/jpeg\" \/>\n<meta name=\"twitter:card\" content=\"summary_large_image\" \/>\n<meta name=\"twitter:label1\" content=\"Dur\u00e9e de lecture estim\u00e9e\" \/>\n\t<meta name=\"twitter:data1\" content=\"4 minutes\" \/>\n<script type=\"application\/ld+json\" class=\"yoast-schema-graph\">{\"@context\":\"https:\/\/schema.org\",\"@graph\":[{\"@type\":\"WebPage\",\"@id\":\"https:\/\/villa-ibiza-resort.de\/fr\/la-villa\/\",\"url\":\"https:\/\/villa-ibiza-resort.de\/fr\/la-villa\/\",\"name\":\"La Villa - Villa Ibiza Resort\",\"isPartOf\":{\"@id\":\"https:\/\/villa-ibiza-resort.de\/fr\/#website\"},\"primaryImageOfPage\":{\"@id\":\"https:\/\/villa-ibiza-resort.de\/fr\/la-villa\/#primaryimage\"},\"image\":{\"@id\":\"https:\/\/villa-ibiza-resort.de\/fr\/la-villa\/#primaryimage\"},\"thumbnailUrl\":\"https:\/\/villa-ibiza-resort.de\/wp-content\/uploads\/49.jpg\",\"datePublished\":\"2019-02-23T09:07:28+00:00\",\"dateModified\":\"2024-02-04T20:56:12+00:00\",\"breadcrumb\":{\"@id\":\"https:\/\/villa-ibiza-resort.de\/fr\/la-villa\/#breadcrumb\"},\"inLanguage\":\"fr-FR\",\"potentialAction\":[{\"@type\":\"ReadAction\",\"target\":[\"https:\/\/villa-ibiza-resort.de\/fr\/la-villa\/\"]}]},{\"@type\":\"ImageObject\",\"inLanguage\":\"fr-FR\",\"@id\":\"https:\/\/villa-ibiza-resort.de\/fr\/la-villa\/#primaryimage\",\"url\":\"https:\/\/villa-ibiza-resort.de\/wp-content\/uploads\/49.jpg\",\"contentUrl\":\"https:\/\/villa-ibiza-resort.de\/wp-content\/uploads\/49.jpg\",\"width\":1024,\"height\":682,\"caption\":\"Salon\"},{\"@type\":\"BreadcrumbList\",\"@id\":\"https:\/\/villa-ibiza-resort.de\/fr\/la-villa\/#breadcrumb\",\"itemListElement\":[{\"@type\":\"ListItem\",\"position\":1,\"name\":\"Portada\",\"item\":\"https:\/\/villa-ibiza-resort.de\/fr\/\"},{\"@type\":\"ListItem\",\"position\":2,\"name\":\"La Villa\"}]},{\"@type\":\"WebSite\",\"@id\":\"https:\/\/villa-ibiza-resort.de\/fr\/#website\",\"url\":\"https:\/\/villa-ibiza-resort.de\/fr\/\",\"name\":\"Villa Ibiza Resort\",\"description\":\"Paradies f\u00fcr Ruhe &amp; Erholung\",\"potentialAction\":[{\"@type\":\"SearchAction\",\"target\":{\"@type\":\"EntryPoint\",\"urlTemplate\":\"https:\/\/villa-ibiza-resort.de\/fr\/?s={search_term_string}\"},\"query-input\":{\"@type\":\"PropertyValueSpecification\",\"valueRequired\":true,\"valueName\":\"search_term_string\"}}],\"inLanguage\":\"fr-FR\"}]}<\/script>\n<!-- \/ Yoast SEO plugin. -->","yoast_head_json":{"title":"La Villa - Villa Ibiza Resort","robots":{"index":"index","follow":"follow","max-snippet":"max-snippet:-1","max-image-preview":"max-image-preview:large","max-video-preview":"max-video-preview:-1"},"canonical":"https:\/\/villa-ibiza-resort.de\/fr\/la-villa\/","og_locale":"fr_FR","og_type":"article","og_title":"La Villa - Villa Ibiza Resort","og_description":"[vc_row][vc_column][vc_wp_text] Veuillez cliquer sur l&rsquo;image pour l&rsquo;agrandir. &nbsp; [\/vc_wp_text][\/vc_column][\/vc_row][vc_row][vc_column][vc_tta_accordion style=\u00a0\u00bbflat\u00a0\u00bb shape=\u00a0\u00bbsquare\u00a0\u00bb color=\u00a0\u00bbwhite\u00a0\u00bb spacing=\u00a0\u00bb30&Prime; c_icon=\u00a0\u00bbchevron\u00a0\u00bb active_section=\u00a0\u00bb1&Prime; no_fill=\u00a0\u00bbtrue\u00a0\u00bb][vc_tta_section tab_id=\u00a0\u00bbstyle\u00a0\u00bb title=\u00a0\u00bbLe style\u00a0\u00bb][vc_row_inner equal_height=\u00a0\u00bbyes\u00a0\u00bb][vc_column_inner width=\u00a0\u00bb1\/2&Prime;][vc_single_image image=\u00a0\u00bb3897&Prime; img_size=\u00a0\u00bblarge\u00a0\u00bb onclick=\u00a0\u00bblink_image\u00a0\u00bb][\/vc_column_inner][vc_column_inner width=\u00a0\u00bb1\/2&Prime;][vc_wp_text] La maison n&rsquo;a rien \u00e0 envier \u00e0 la plupart des maisons modernes blanches, telles qu&rsquo;on les conna\u00eet dans les catalogues haut de gamme. La villa est une synth\u00e8se de maisons [&hellip;]","og_url":"https:\/\/villa-ibiza-resort.de\/fr\/la-villa\/","og_site_name":"Villa Ibiza Resort","article_modified_time":"2024-02-04T20:56:12+00:00","og_image":[{"width":1024,"height":682,"url":"https:\/\/villa-ibiza-resort.de\/wp-content\/uploads\/49.jpg","type":"image\/jpeg"}],"twitter_card":"summary_large_image","twitter_misc":{"Dur\u00e9e de lecture estim\u00e9e":"4 minutes"},"schema":{"@context":"https:\/\/schema.org","@graph":[{"@type":"WebPage","@id":"https:\/\/villa-ibiza-resort.de\/fr\/la-villa\/","url":"https:\/\/villa-ibiza-resort.de\/fr\/la-villa\/","name":"La Villa - Villa Ibiza Resort","isPartOf":{"@id":"https:\/\/villa-ibiza-resort.de\/fr\/#website"},"primaryImageOfPage":{"@id":"https:\/\/villa-ibiza-resort.de\/fr\/la-villa\/#primaryimage"},"image":{"@id":"https:\/\/villa-ibiza-resort.de\/fr\/la-villa\/#primaryimage"},"thumbnailUrl":"https:\/\/villa-ibiza-resort.de\/wp-content\/uploads\/49.jpg","datePublished":"2019-02-23T09:07:28+00:00","dateModified":"2024-02-04T20:56:12+00:00","breadcrumb":{"@id":"https:\/\/villa-ibiza-resort.de\/fr\/la-villa\/#breadcrumb"},"inLanguage":"fr-FR","potentialAction":[{"@type":"ReadAction","target":["https:\/\/villa-ibiza-resort.de\/fr\/la-villa\/"]}]},{"@type":"ImageObject","inLanguage":"fr-FR","@id":"https:\/\/villa-ibiza-resort.de\/fr\/la-villa\/#primaryimage","url":"https:\/\/villa-ibiza-resort.de\/wp-content\/uploads\/49.jpg","contentUrl":"https:\/\/villa-ibiza-resort.de\/wp-content\/uploads\/49.jpg","width":1024,"height":682,"caption":"Salon"},{"@type":"BreadcrumbList","@id":"https:\/\/villa-ibiza-resort.de\/fr\/la-villa\/#breadcrumb","itemListElement":[{"@type":"ListItem","position":1,"name":"Portada","item":"https:\/\/villa-ibiza-resort.de\/fr\/"},{"@type":"ListItem","position":2,"name":"La Villa"}]},{"@type":"WebSite","@id":"https:\/\/villa-ibiza-resort.de\/fr\/#website","url":"https:\/\/villa-ibiza-resort.de\/fr\/","name":"Villa Ibiza Resort","description":"Paradies f\u00fcr Ruhe &amp; Erholung","potentialAction":[{"@type":"SearchAction","target":{"@type":"EntryPoint","urlTemplate":"https:\/\/villa-ibiza-resort.de\/fr\/?s={search_term_string}"},"query-input":{"@type":"PropertyValueSpecification","valueRequired":true,"valueName":"search_term_string"}}],"inLanguage":"fr-FR"}]}},"_links":{"self":[{"href":"https:\/\/villa-ibiza-resort.de\/fr\/wp-json\/wp\/v2\/pages\/3165","targetHints":{"allow":["GET"]}}],"collection":[{"href":"https:\/\/villa-ibiza-resort.de\/fr\/wp-json\/wp\/v2\/pages"}],"about":[{"href":"https:\/\/villa-ibiza-resort.de\/fr\/wp-json\/wp\/v2\/types\/page"}],"author":[{"embeddable":true,"href":"https:\/\/villa-ibiza-resort.de\/fr\/wp-json\/wp\/v2\/users\/7"}],"replies":[{"embeddable":true,"href":"https:\/\/villa-ibiza-resort.de\/fr\/wp-json\/wp\/v2\/comments?post=3165"}],"version-history":[{"count":2,"href":"https:\/\/villa-ibiza-resort.de\/fr\/wp-json\/wp\/v2\/pages\/3165\/revisions"}],"predecessor-version":[{"id":4139,"href":"https:\/\/villa-ibiza-resort.de\/fr\/wp-json\/wp\/v2\/pages\/3165\/revisions\/4139"}],"wp:featuredmedia":[{"embeddable":true,"href":"https:\/\/villa-ibiza-resort.de\/fr\/wp-json\/wp\/v2\/media\/3149"}],"wp:attachment":[{"href":"https:\/\/villa-ibiza-resort.de\/fr\/wp-json\/wp\/v2\/media?parent=3165"}],"curies":[{"name":"wp","href":"https:\/\/api.w.org\/{rel}","templated":true}]}}