{"id":3242,"date":"2019-02-24T19:43:40","date_gmt":"2019-02-24T19:43:40","guid":{"rendered":"https:\/\/villa-ibiza-resort.de\/demande-de-reservation\/"},"modified":"2019-02-24T20:02:25","modified_gmt":"2019-02-24T20:02:25","slug":"demande-de-reservation","status":"publish","type":"page","link":"https:\/\/villa-ibiza-resort.de\/fr\/demande-de-reservation\/","title":{"rendered":"Demande de r\u00e9servation"},"content":{"rendered":"<div class=\"wpb-content-wrapper\">[vc_row][vc_column]\n<div class=\"wpcf7 no-js\" id=\"wpcf7-f3251-o1\" lang=\"fr-FR\" dir=\"ltr\" data-wpcf7-id=\"3251\">\n<div class=\"screen-reader-response\"><p role=\"status\" aria-live=\"polite\" aria-atomic=\"true\"><\/p> <ul><\/ul><\/div>\n<form action=\"\/fr\/wp-json\/wp\/v2\/pages\/3242#wpcf7-f3251-o1\" method=\"post\" class=\"wpcf7-form init\" aria-label=\"Formulaire de contact\" novalidate=\"novalidate\" data-status=\"init\">\n<fieldset class=\"hidden-fields-container\"><input type=\"hidden\" name=\"_wpcf7\" value=\"3251\" \/><input type=\"hidden\" name=\"_wpcf7_version\" value=\"6.1.4\" \/><input type=\"hidden\" name=\"_wpcf7_locale\" value=\"fr_FR\" \/><input type=\"hidden\" name=\"_wpcf7_unit_tag\" value=\"wpcf7-f3251-o1\" \/><input type=\"hidden\" name=\"_wpcf7_container_post\" value=\"0\" \/><input type=\"hidden\" name=\"_wpcf7_posted_data_hash\" value=\"\" \/>\n<\/fieldset>\n<div class=\"col-sm-12\">\n\t<p><label>Nom (demand\u00e9)<\/label><br \/>\n<span class=\"wpcf7-form-control-wrap\" data-name=\"your-name\"><input size=\"40\" maxlength=\"400\" class=\"wpcf7-form-control wpcf7-text wpcf7-validates-as-required\" aria-required=\"true\" aria-invalid=\"false\" placeholder=\"Nom et Pr\u00e9nom\" value=\"\" type=\"text\" name=\"your-name\" \/><\/span>\n\t<\/p>\n<\/div>\n<div class=\"col-sm-12\">\n\t<p><label>E-mail (notwendig)<\/label><br \/>\n<span class=\"wpcf7-form-control-wrap\" data-name=\"your-email\"><input size=\"40\" maxlength=\"400\" class=\"wpcf7-form-control wpcf7-email wpcf7-validates-as-required wpcf7-text wpcf7-validates-as-email\" aria-required=\"true\" aria-invalid=\"false\" placeholder=\"E-mail valide\" value=\"\" type=\"email\" name=\"your-email\" \/><\/span>\n\t<\/p>\n<\/div>\n<div class=\"col-sm-6\">\n\t<p><label>Arriv\u00e9e<\/label><span class=\"wpcf7-form-control-wrap\" data-name=\"date_arrival\"><input class=\"wpcf7-form-control wpcf7-date wpcf7-validates-as-date\" aria-invalid=\"false\" value=\"\" type=\"date\" name=\"date_arrival\" \/><\/span>\n\t<\/p>\n<\/div>\n<div class=\"col-sm-6\">\n\t<p><label>D\u00e9part<\/label><span class=\"wpcf7-form-control-wrap\" data-name=\"date_departure\"><input class=\"wpcf7-form-control wpcf7-date wpcf7-validates-as-date\" aria-invalid=\"false\" value=\"\" type=\"date\" name=\"date_departure\" \/><\/span>\n\t<\/p>\n<\/div>\n<div class=\"col-sm-6\">\n\t<p><label>Adulte<\/label><span class=\"wpcf7-form-control-wrap\" data-name=\"adults\"><select class=\"wpcf7-form-control wpcf7-select\" aria-invalid=\"false\" name=\"adults\"><option value=\"\">&#8212;Veuillez choisir une option&#8212;<\/option><option value=\"1\">1<\/option><option value=\"2\">2<\/option><option value=\"3\">3<\/option><option value=\"4\">4<\/option><option value=\"5\">5<\/option><option value=\"6\">6<\/option><option value=\"7\">7<\/option><option value=\"8\">8<\/option><\/select><\/span>\n\t<\/p>\n<\/div>\n<div class=\"col-sm-6\">\n\t<p><label>Enfants<\/label><span class=\"wpcf7-form-control-wrap\" data-name=\"children\"><select class=\"wpcf7-form-control wpcf7-select\" aria-invalid=\"false\" name=\"children\"><option value=\"\">&#8212;Veuillez choisir une option&#8212;<\/option><option value=\"1\">1<\/option><option value=\"2\">2<\/option><option value=\"3\">3<\/option><option value=\"4\">4<\/option><option value=\"5\">5<\/option><option value=\"6\">6<\/option><option value=\"7\">7<\/option><option value=\"8\">8<\/option><\/select><\/span>\n\t<\/p>\n<\/div>\n<div class=\"col-sm-12\">\n\t<h2 style=\"font-size: 14px;\">Politique de Confidentialit\u00e9 <span style=\"color: red;\">*<\/span> <span style=\"font-size: 13px;\">(demand\u00e9)<\/span>\n\t<\/h2>\n\t<p><span class=\"wpcf7-form-control-wrap\" data-name=\"your-consent-gdpr\"><span class=\"wpcf7-form-control wpcf7-acceptance\"><span class=\"wpcf7-list-item\"><label><input type=\"checkbox\" name=\"your-consent-gdpr\" value=\"1\" aria-invalid=\"false\" \/><span class=\"wpcf7-list-item-label\"><span class=\"contact-gdpr\">J'ai lu et accept\u00e9 la <a href=\"https:\/\/villa-ibiza-resort.de\/fr\/protection-des-donnees\/\" target=\"_blank\">politique de confidentialit\u00e9<\/a>. Je suis conscient que mes donn\u00e9es doivent \u00eatre conserv\u00e9es pour le traitement de ma demande de r\u00e9servation et qu'elles ne seront pas utilis\u00e9es \u00e0 d'autres fins ni transmises \u00e0 des tiers.<\/span><\/span><\/label><\/span><\/span><\/span>\n\t<\/p>\n<\/div>\n<p><input class=\"wpcf7-form-control wpcf7-submit has-spinner\" type=\"submit\" value=\"Soumettre\" \/>\n<\/p><div class=\"wpcf7-response-output\" aria-hidden=\"true\"><\/div>\n<\/form>\n<\/div>\n[\/vc_column][\/vc_row]\n<\/div>","protected":false},"excerpt":{"rendered":"<p>[vc_row][vc_column][\/vc_column][\/vc_row]<\/p>\n","protected":false},"author":5,"featured_media":3197,"parent":0,"menu_order":0,"comment_status":"closed","ping_status":"closed","template":"","meta":{"footnotes":""},"class_list":["post-3242","page","type-page","status-publish","has-post-thumbnail","hentry"],"yoast_head":"<!-- This site is optimized with the Yoast SEO plugin v26.5 - https:\/\/yoast.com\/wordpress\/plugins\/seo\/ -->\n<title>Demande de r\u00e9servation - Villa Ibiza Resort<\/title>\n<meta name=\"robots\" content=\"index, follow, max-snippet:-1, max-image-preview:large, max-video-preview:-1\" \/>\n<link rel=\"canonical\" href=\"https:\/\/villa-ibiza-resort.de\/fr\/demande-de-reservation\/\" \/>\n<meta property=\"og:locale\" content=\"fr_FR\" \/>\n<meta property=\"og:type\" content=\"article\" \/>\n<meta property=\"og:title\" content=\"Demande de r\u00e9servation - Villa Ibiza Resort\" \/>\n<meta property=\"og:description\" content=\"[vc_row][vc_column][\/vc_column][\/vc_row]\" \/>\n<meta property=\"og:url\" content=\"https:\/\/villa-ibiza-resort.de\/fr\/demande-de-reservation\/\" \/>\n<meta property=\"og:site_name\" content=\"Villa Ibiza Resort\" \/>\n<meta property=\"article:modified_time\" content=\"2019-02-24T20:02:25+00:00\" \/>\n<meta property=\"og:image\" content=\"https:\/\/villa-ibiza-resort.de\/wp-content\/uploads\/UNADJUSTEDNONRAW_thumb_203d.jpg\" \/>\n\t<meta property=\"og:image:width\" content=\"1024\" \/>\n\t<meta property=\"og:image:height\" content=\"768\" \/>\n\t<meta property=\"og:image:type\" content=\"image\/jpeg\" \/>\n<meta name=\"twitter:card\" content=\"summary_large_image\" \/>\n<script type=\"application\/ld+json\" class=\"yoast-schema-graph\">{\"@context\":\"https:\/\/schema.org\",\"@graph\":[{\"@type\":\"WebPage\",\"@id\":\"https:\/\/villa-ibiza-resort.de\/fr\/demande-de-reservation\/\",\"url\":\"https:\/\/villa-ibiza-resort.de\/fr\/demande-de-reservation\/\",\"name\":\"Demande de r\u00e9servation - Villa Ibiza Resort\",\"isPartOf\":{\"@id\":\"https:\/\/villa-ibiza-resort.de\/fr\/#website\"},\"primaryImageOfPage\":{\"@id\":\"https:\/\/villa-ibiza-resort.de\/fr\/demande-de-reservation\/#primaryimage\"},\"image\":{\"@id\":\"https:\/\/villa-ibiza-resort.de\/fr\/demande-de-reservation\/#primaryimage\"},\"thumbnailUrl\":\"https:\/\/villa-ibiza-resort.de\/wp-content\/uploads\/UNADJUSTEDNONRAW_thumb_203d.jpg\",\"datePublished\":\"2019-02-24T19:43:40+00:00\",\"dateModified\":\"2019-02-24T20:02:25+00:00\",\"breadcrumb\":{\"@id\":\"https:\/\/villa-ibiza-resort.de\/fr\/demande-de-reservation\/#breadcrumb\"},\"inLanguage\":\"fr-FR\",\"potentialAction\":[{\"@type\":\"ReadAction\",\"target\":[\"https:\/\/villa-ibiza-resort.de\/fr\/demande-de-reservation\/\"]}]},{\"@type\":\"ImageObject\",\"inLanguage\":\"fr-FR\",\"@id\":\"https:\/\/villa-ibiza-resort.de\/fr\/demande-de-reservation\/#primaryimage\",\"url\":\"https:\/\/villa-ibiza-resort.de\/wp-content\/uploads\/UNADJUSTEDNONRAW_thumb_203d.jpg\",\"contentUrl\":\"https:\/\/villa-ibiza-resort.de\/wp-content\/uploads\/UNADJUSTEDNONRAW_thumb_203d.jpg\",\"width\":1024,\"height\":768},{\"@type\":\"BreadcrumbList\",\"@id\":\"https:\/\/villa-ibiza-resort.de\/fr\/demande-de-reservation\/#breadcrumb\",\"itemListElement\":[{\"@type\":\"ListItem\",\"position\":1,\"name\":\"Portada\",\"item\":\"https:\/\/villa-ibiza-resort.de\/fr\/\"},{\"@type\":\"ListItem\",\"position\":2,\"name\":\"Demande de r\u00e9servation\"}]},{\"@type\":\"WebSite\",\"@id\":\"https:\/\/villa-ibiza-resort.de\/fr\/#website\",\"url\":\"https:\/\/villa-ibiza-resort.de\/fr\/\",\"name\":\"Villa Ibiza Resort\",\"description\":\"Paradies f\u00fcr Ruhe &amp; Erholung\",\"potentialAction\":[{\"@type\":\"SearchAction\",\"target\":{\"@type\":\"EntryPoint\",\"urlTemplate\":\"https:\/\/villa-ibiza-resort.de\/fr\/?s={search_term_string}\"},\"query-input\":{\"@type\":\"PropertyValueSpecification\",\"valueRequired\":true,\"valueName\":\"search_term_string\"}}],\"inLanguage\":\"fr-FR\"}]}<\/script>\n<!-- \/ Yoast SEO plugin. -->","yoast_head_json":{"title":"Demande de r\u00e9servation - Villa Ibiza Resort","robots":{"index":"index","follow":"follow","max-snippet":"max-snippet:-1","max-image-preview":"max-image-preview:large","max-video-preview":"max-video-preview:-1"},"canonical":"https:\/\/villa-ibiza-resort.de\/fr\/demande-de-reservation\/","og_locale":"fr_FR","og_type":"article","og_title":"Demande de r\u00e9servation - Villa Ibiza Resort","og_description":"[vc_row][vc_column][\/vc_column][\/vc_row]","og_url":"https:\/\/villa-ibiza-resort.de\/fr\/demande-de-reservation\/","og_site_name":"Villa Ibiza Resort","article_modified_time":"2019-02-24T20:02:25+00:00","og_image":[{"width":1024,"height":768,"url":"https:\/\/villa-ibiza-resort.de\/wp-content\/uploads\/UNADJUSTEDNONRAW_thumb_203d.jpg","type":"image\/jpeg"}],"twitter_card":"summary_large_image","schema":{"@context":"https:\/\/schema.org","@graph":[{"@type":"WebPage","@id":"https:\/\/villa-ibiza-resort.de\/fr\/demande-de-reservation\/","url":"https:\/\/villa-ibiza-resort.de\/fr\/demande-de-reservation\/","name":"Demande de r\u00e9servation - Villa Ibiza Resort","isPartOf":{"@id":"https:\/\/villa-ibiza-resort.de\/fr\/#website"},"primaryImageOfPage":{"@id":"https:\/\/villa-ibiza-resort.de\/fr\/demande-de-reservation\/#primaryimage"},"image":{"@id":"https:\/\/villa-ibiza-resort.de\/fr\/demande-de-reservation\/#primaryimage"},"thumbnailUrl":"https:\/\/villa-ibiza-resort.de\/wp-content\/uploads\/UNADJUSTEDNONRAW_thumb_203d.jpg","datePublished":"2019-02-24T19:43:40+00:00","dateModified":"2019-02-24T20:02:25+00:00","breadcrumb":{"@id":"https:\/\/villa-ibiza-resort.de\/fr\/demande-de-reservation\/#breadcrumb"},"inLanguage":"fr-FR","potentialAction":[{"@type":"ReadAction","target":["https:\/\/villa-ibiza-resort.de\/fr\/demande-de-reservation\/"]}]},{"@type":"ImageObject","inLanguage":"fr-FR","@id":"https:\/\/villa-ibiza-resort.de\/fr\/demande-de-reservation\/#primaryimage","url":"https:\/\/villa-ibiza-resort.de\/wp-content\/uploads\/UNADJUSTEDNONRAW_thumb_203d.jpg","contentUrl":"https:\/\/villa-ibiza-resort.de\/wp-content\/uploads\/UNADJUSTEDNONRAW_thumb_203d.jpg","width":1024,"height":768},{"@type":"BreadcrumbList","@id":"https:\/\/villa-ibiza-resort.de\/fr\/demande-de-reservation\/#breadcrumb","itemListElement":[{"@type":"ListItem","position":1,"name":"Portada","item":"https:\/\/villa-ibiza-resort.de\/fr\/"},{"@type":"ListItem","position":2,"name":"Demande de r\u00e9servation"}]},{"@type":"WebSite","@id":"https:\/\/villa-ibiza-resort.de\/fr\/#website","url":"https:\/\/villa-ibiza-resort.de\/fr\/","name":"Villa Ibiza Resort","description":"Paradies f\u00fcr Ruhe &amp; Erholung","potentialAction":[{"@type":"SearchAction","target":{"@type":"EntryPoint","urlTemplate":"https:\/\/villa-ibiza-resort.de\/fr\/?s={search_term_string}"},"query-input":{"@type":"PropertyValueSpecification","valueRequired":true,"valueName":"search_term_string"}}],"inLanguage":"fr-FR"}]}},"_links":{"self":[{"href":"https:\/\/villa-ibiza-resort.de\/fr\/wp-json\/wp\/v2\/pages\/3242","targetHints":{"allow":["GET"]}}],"collection":[{"href":"https:\/\/villa-ibiza-resort.de\/fr\/wp-json\/wp\/v2\/pages"}],"about":[{"href":"https:\/\/villa-ibiza-resort.de\/fr\/wp-json\/wp\/v2\/types\/page"}],"author":[{"embeddable":true,"href":"https:\/\/villa-ibiza-resort.de\/fr\/wp-json\/wp\/v2\/users\/5"}],"replies":[{"embeddable":true,"href":"https:\/\/villa-ibiza-resort.de\/fr\/wp-json\/wp\/v2\/comments?post=3242"}],"version-history":[{"count":0,"href":"https:\/\/villa-ibiza-resort.de\/fr\/wp-json\/wp\/v2\/pages\/3242\/revisions"}],"wp:featuredmedia":[{"embeddable":true,"href":"https:\/\/villa-ibiza-resort.de\/fr\/wp-json\/wp\/v2\/media\/3197"}],"wp:attachment":[{"href":"https:\/\/villa-ibiza-resort.de\/fr\/wp-json\/wp\/v2\/media?parent=3242"}],"curies":[{"name":"wp","href":"https:\/\/api.w.org\/{rel}","templated":true}]}}