{"id":3318,"date":"2019-02-26T13:53:17","date_gmt":"2019-02-26T13:53:17","guid":{"rendered":"https:\/\/villa-ibiza-resort.de\/les-environs\/"},"modified":"2019-03-07T14:37:15","modified_gmt":"2019-03-07T14:37:15","slug":"les-environs","status":"publish","type":"page","link":"https:\/\/villa-ibiza-resort.de\/fr\/les-environs\/","title":{"rendered":"Les Environs"},"content":{"rendered":"<div class=\"wpb-content-wrapper\">[vc_row css=\u00a0\u00bb.vc_custom_1550753391539{padding-top: 0px !important;padding-bottom: 30px !important;}\u00a0\u00bb][vc_column][vc_separator color=\u00a0\u00bbmulled_wine\u00a0\u00bb el_width=\u00a0\u00bb40&Prime;][\/vc_column][\/vc_row][vc_row css=\u00a0\u00bb.vc_custom_1550753100587{padding-top: 0px !important;padding-bottom: 25px !important;}\u00a0\u00bb][vc_column width=\u00a0\u00bb2\/3&Prime;][vc_single_image image=\u00a0\u00bb3746&Prime; img_size=\u00a0\u00bbfull\u00a0\u00bb][\/vc_column][vc_column width=\u00a0\u00bb1\/3&Prime;]<div class=\"heading_group_sc wpb_content_element subtitle_bottom    text-left\">\n\n\n    <h2>Es Xarcu<\/h2>\n\n\n        <span class=\"subtitle\"><\/span>\n\n<\/div>[vc_column_text]\n<p>Depuis la terrasse, le regard se porte vers la baie d&rsquo; \u00ab\u00a0Es Xarcu\u00a0\u00bb, lieu de mouillage privil\u00e9gi\u00e9 des c\u00e9l\u00e9brit\u00e9s de notre plan\u00e8te. La baie a conserv\u00e9 son charme originel. Depuis, la cabane de p\u00eacheur a \u00e9t\u00e9 discr\u00e8tement \u00e9largie pour devenir un superbe restaurant secret de l&rsquo;\u00eele &#8211; <a href=\"http:\/\/www.esxarcu.com\" target=\"_blank\" rel=\"noopener noreferrer\">Voir le site<\/a>. Tina Onassis n&rsquo;habite qu&rsquo;\u00e0 quelques m\u00e8tres. Les stars de cin\u00e9ma et les c\u00e9l\u00e9brit\u00e9s du monde de la musique viennent incognito au coucher du soleil, les pieds nus dans le sable, tout en d\u00e9gustant le sublime poisson \u00ab\u00a0Al Horno\u00a0\u00bb.<\/p>\n<p>&nbsp;<\/p>\n[\/vc_column_text][\/vc_column][\/vc_row][vc_row css=\u00a0\u00bb.vc_custom_1499943802941{padding-top: 0px !important;padding-bottom: 0px !important;}\u00a0\u00bb][vc_column width=\u00a0\u00bb1\/3&Prime;]<div class=\"heading_group_sc wpb_content_element subtitle_bottom    text-left\">\n\n\n    <h2>Cala Jondal<\/h2>\n\n\n        <span class=\"subtitle\"><\/span>\n\n<\/div>[vc_column_text]\n<p>La baie de \u00ab\u00a0Cala Jondal\u00a0\u00bb est connue, car l\u00e0 se trouve le fameux \u00ab\u00a0Blu Marlin\u00a0\u00bb, haut lieu des c\u00e9l\u00e9brit\u00e9s hollywoodiennes et de tous ceux qui les c\u00f4toient. L\u00e0 vous pouvez prendre part \u00e0 la vie nocturne qui commence d\u00e9j\u00e0 l&rsquo;apr\u00e8s-midi. Voir et \u00eatre vu, telle est la devise.<\/p>\n<p>\u00c0 l&rsquo;autre bout de la baie, il y a aussi des restaurants et des bars de plage, o\u00f9 vous pouvez appr\u00e9cier paisiblement ce bel endroit. Une petite plage de sable fin convient tr\u00e8s bien aux enfants, pour la baignade.<\/p>\n[\/vc_column_text][\/vc_column][vc_column width=\u00a0\u00bb2\/3&Prime;][vc_single_image image=\u00a0\u00bb3764&Prime; img_size=\u00a0\u00bbfull\u00a0\u00bb][\/vc_column][\/vc_row][vc_row css=\u00a0\u00bb.vc_custom_1499943763600{padding-top: 25px !important;}\u00a0\u00bb][vc_column width=\u00a0\u00bb2\/3&Prime;][vc_single_image image=\u00a0\u00bb3089&Prime; img_size=\u00a0\u00bbfull\u00a0\u00bb][\/vc_column][vc_column width=\u00a0\u00bb1\/3&Prime;]<div class=\"heading_group_sc wpb_content_element subtitle_bottom    text-left\">\n\n\n    <h2>Es Torrent<\/h2>\n\n\n        <span class=\"subtitle\"><\/span>\n\n<\/div>[vc_column_text]\n<p>La baie d&rsquo;Es Torrent est tr\u00e8s proche ; vous y \u00eates en 2 minutes. Il y a des restaurants exceptionnels avec un service de grande qualit\u00e9 &#8211; <a href=\"http:\/\/www.estorrent.net\" target=\"_blank\" rel=\"noopener noreferrer\">Voir le site<\/a>. De nombreux propri\u00e9taires de yachts mouillent dans la baie pour, y manger dans la journ\u00e9e ou le soir. Sur la plage r\u00e8gne une atmosph\u00e8re tr\u00e8s personnelle. Vous pouvez aussi vous faire masser par Iban et acheter des bijoux et des v\u00eatements d&rsquo;\u00e9t\u00e9. Les plongeurs avec un tuba auront plaisir \u00e0 nager jusqu&rsquo;aux rochers en face et plonger l\u00e0 bas. Voyons, si vous d\u00e9couvrirez l&rsquo;entr\u00e9e donnant sur la grotte sous-marine. Plusieurs possibilit\u00e9s s&rsquo;offrent \u00e0 celui qui aime sauter depuis la falaise, dans la mer cristalline. Avec un peu de chance, vous trouverez au fond de la mer, une Rolex ou des billets de banque.<br \/>\nPour la ville d&rsquo;Ibiza, il faut 15 minutes en voiture. Vous pouvez y visiter le charmant centre historique, faire les boutiques, manger et rencontrer d&rsquo;autres personnes. Toutes les discoth\u00e8ques c\u00e9l\u00e8bres comme le Pacha, Amnesia, Privilege, Space, Eden, Es Paradis, DC10 ou de plus petits clubs comme KM5 sont accessibles en taxi, en un quart d\u2019heure.<\/p>\n[\/vc_column_text][\/vc_column][\/vc_row]\n<\/div>","protected":false},"excerpt":{"rendered":"<p>[vc_row css=\u00a0\u00bb.vc_custom_1550753391539{padding-top: 0px !important;padding-bottom: 30px !important;}\u00a0\u00bb][vc_column][vc_separator color=\u00a0\u00bbmulled_wine\u00a0\u00bb el_width=\u00a0\u00bb40&Prime;][\/vc_column][\/vc_row][vc_row css=\u00a0\u00bb.vc_custom_1550753100587{padding-top: 0px !important;padding-bottom: 25px !important;}\u00a0\u00bb][vc_column width=\u00a0\u00bb2\/3&Prime;][vc_single_image image=\u00a0\u00bb3746&Prime; img_size=\u00a0\u00bbfull\u00a0\u00bb][\/vc_column][vc_column width=\u00a0\u00bb1\/3&Prime;][vc_column_text] Depuis la terrasse, le regard se porte vers la baie d&rsquo; \u00ab\u00a0Es Xarcu\u00a0\u00bb, lieu de mouillage privil\u00e9gi\u00e9 des c\u00e9l\u00e9brit\u00e9s de notre plan\u00e8te. La baie a conserv\u00e9 son charme originel. Depuis, la cabane de p\u00eacheur a \u00e9t\u00e9 discr\u00e8tement \u00e9largie [&hellip;]<\/p>\n","protected":false},"author":5,"featured_media":3309,"parent":0,"menu_order":0,"comment_status":"closed","ping_status":"closed","template":"","meta":{"footnotes":""},"class_list":["post-3318","page","type-page","status-publish","has-post-thumbnail","hentry"],"yoast_head":"<!-- This site is optimized with the Yoast SEO plugin v26.5 - https:\/\/yoast.com\/wordpress\/plugins\/seo\/ -->\n<title>Les Environs - Villa Ibiza Resort<\/title>\n<meta name=\"robots\" content=\"index, follow, max-snippet:-1, max-image-preview:large, max-video-preview:-1\" \/>\n<link rel=\"canonical\" href=\"https:\/\/villa-ibiza-resort.de\/fr\/les-environs\/\" \/>\n<meta property=\"og:locale\" content=\"fr_FR\" \/>\n<meta property=\"og:type\" content=\"article\" \/>\n<meta property=\"og:title\" content=\"Les Environs - Villa Ibiza Resort\" \/>\n<meta property=\"og:description\" content=\"[vc_row css=\u00a0\u00bb.vc_custom_1550753391539{padding-top: 0px !important;padding-bottom: 30px !important;}\u00a0\u00bb][vc_column][vc_separator color=\u00a0\u00bbmulled_wine\u00a0\u00bb el_width=\u00a0\u00bb40&Prime;][\/vc_column][\/vc_row][vc_row css=\u00a0\u00bb.vc_custom_1550753100587{padding-top: 0px !important;padding-bottom: 25px !important;}\u00a0\u00bb][vc_column width=\u00a0\u00bb2\/3&Prime;][vc_single_image image=\u00a0\u00bb3746&Prime; img_size=\u00a0\u00bbfull\u00a0\u00bb][\/vc_column][vc_column width=\u00a0\u00bb1\/3&Prime;][vc_column_text] Depuis la terrasse, le regard se porte vers la baie d&rsquo; \u00ab\u00a0Es Xarcu\u00a0\u00bb, lieu de mouillage privil\u00e9gi\u00e9 des c\u00e9l\u00e9brit\u00e9s de notre plan\u00e8te. La baie a conserv\u00e9 son charme originel. Depuis, la cabane de p\u00eacheur a \u00e9t\u00e9 discr\u00e8tement \u00e9largie [&hellip;]\" \/>\n<meta property=\"og:url\" content=\"https:\/\/villa-ibiza-resort.de\/fr\/les-environs\/\" \/>\n<meta property=\"og:site_name\" content=\"Villa Ibiza Resort\" \/>\n<meta property=\"article:modified_time\" content=\"2019-03-07T14:37:15+00:00\" \/>\n<meta property=\"og:image\" content=\"https:\/\/villa-ibiza-resort.de\/wp-content\/uploads\/vine.jpg\" \/>\n\t<meta property=\"og:image:width\" content=\"1920\" \/>\n\t<meta property=\"og:image:height\" content=\"1293\" \/>\n\t<meta property=\"og:image:type\" content=\"image\/jpeg\" \/>\n<meta name=\"twitter:card\" content=\"summary_large_image\" \/>\n<meta name=\"twitter:label1\" content=\"Dur\u00e9e de lecture estim\u00e9e\" \/>\n\t<meta name=\"twitter:data1\" content=\"3 minutes\" \/>\n<script type=\"application\/ld+json\" class=\"yoast-schema-graph\">{\"@context\":\"https:\/\/schema.org\",\"@graph\":[{\"@type\":\"WebPage\",\"@id\":\"https:\/\/villa-ibiza-resort.de\/fr\/les-environs\/\",\"url\":\"https:\/\/villa-ibiza-resort.de\/fr\/les-environs\/\",\"name\":\"Les Environs - Villa Ibiza Resort\",\"isPartOf\":{\"@id\":\"https:\/\/villa-ibiza-resort.de\/fr\/#website\"},\"primaryImageOfPage\":{\"@id\":\"https:\/\/villa-ibiza-resort.de\/fr\/les-environs\/#primaryimage\"},\"image\":{\"@id\":\"https:\/\/villa-ibiza-resort.de\/fr\/les-environs\/#primaryimage\"},\"thumbnailUrl\":\"https:\/\/villa-ibiza-resort.de\/wp-content\/uploads\/vine.jpg\",\"datePublished\":\"2019-02-26T13:53:17+00:00\",\"dateModified\":\"2019-03-07T14:37:15+00:00\",\"breadcrumb\":{\"@id\":\"https:\/\/villa-ibiza-resort.de\/fr\/les-environs\/#breadcrumb\"},\"inLanguage\":\"fr-FR\",\"potentialAction\":[{\"@type\":\"ReadAction\",\"target\":[\"https:\/\/villa-ibiza-resort.de\/fr\/les-environs\/\"]}]},{\"@type\":\"ImageObject\",\"inLanguage\":\"fr-FR\",\"@id\":\"https:\/\/villa-ibiza-resort.de\/fr\/les-environs\/#primaryimage\",\"url\":\"https:\/\/villa-ibiza-resort.de\/wp-content\/uploads\/vine.jpg\",\"contentUrl\":\"https:\/\/villa-ibiza-resort.de\/wp-content\/uploads\/vine.jpg\",\"width\":1920,\"height\":1293,\"caption\":\"D\u00e9tendez-vous sur la plage\"},{\"@type\":\"BreadcrumbList\",\"@id\":\"https:\/\/villa-ibiza-resort.de\/fr\/les-environs\/#breadcrumb\",\"itemListElement\":[{\"@type\":\"ListItem\",\"position\":1,\"name\":\"Portada\",\"item\":\"https:\/\/villa-ibiza-resort.de\/fr\/\"},{\"@type\":\"ListItem\",\"position\":2,\"name\":\"Les Environs\"}]},{\"@type\":\"WebSite\",\"@id\":\"https:\/\/villa-ibiza-resort.de\/fr\/#website\",\"url\":\"https:\/\/villa-ibiza-resort.de\/fr\/\",\"name\":\"Villa Ibiza Resort\",\"description\":\"Paradies f\u00fcr Ruhe &amp; Erholung\",\"potentialAction\":[{\"@type\":\"SearchAction\",\"target\":{\"@type\":\"EntryPoint\",\"urlTemplate\":\"https:\/\/villa-ibiza-resort.de\/fr\/?s={search_term_string}\"},\"query-input\":{\"@type\":\"PropertyValueSpecification\",\"valueRequired\":true,\"valueName\":\"search_term_string\"}}],\"inLanguage\":\"fr-FR\"}]}<\/script>\n<!-- \/ Yoast SEO plugin. -->","yoast_head_json":{"title":"Les Environs - Villa Ibiza Resort","robots":{"index":"index","follow":"follow","max-snippet":"max-snippet:-1","max-image-preview":"max-image-preview:large","max-video-preview":"max-video-preview:-1"},"canonical":"https:\/\/villa-ibiza-resort.de\/fr\/les-environs\/","og_locale":"fr_FR","og_type":"article","og_title":"Les Environs - Villa Ibiza Resort","og_description":"[vc_row css=\u00a0\u00bb.vc_custom_1550753391539{padding-top: 0px !important;padding-bottom: 30px !important;}\u00a0\u00bb][vc_column][vc_separator color=\u00a0\u00bbmulled_wine\u00a0\u00bb el_width=\u00a0\u00bb40&Prime;][\/vc_column][\/vc_row][vc_row css=\u00a0\u00bb.vc_custom_1550753100587{padding-top: 0px !important;padding-bottom: 25px !important;}\u00a0\u00bb][vc_column width=\u00a0\u00bb2\/3&Prime;][vc_single_image image=\u00a0\u00bb3746&Prime; img_size=\u00a0\u00bbfull\u00a0\u00bb][\/vc_column][vc_column width=\u00a0\u00bb1\/3&Prime;][vc_column_text] Depuis la terrasse, le regard se porte vers la baie d&rsquo; \u00ab\u00a0Es Xarcu\u00a0\u00bb, lieu de mouillage privil\u00e9gi\u00e9 des c\u00e9l\u00e9brit\u00e9s de notre plan\u00e8te. La baie a conserv\u00e9 son charme originel. Depuis, la cabane de p\u00eacheur a \u00e9t\u00e9 discr\u00e8tement \u00e9largie [&hellip;]","og_url":"https:\/\/villa-ibiza-resort.de\/fr\/les-environs\/","og_site_name":"Villa Ibiza Resort","article_modified_time":"2019-03-07T14:37:15+00:00","og_image":[{"width":1920,"height":1293,"url":"https:\/\/villa-ibiza-resort.de\/wp-content\/uploads\/vine.jpg","type":"image\/jpeg"}],"twitter_card":"summary_large_image","twitter_misc":{"Dur\u00e9e de lecture estim\u00e9e":"3 minutes"},"schema":{"@context":"https:\/\/schema.org","@graph":[{"@type":"WebPage","@id":"https:\/\/villa-ibiza-resort.de\/fr\/les-environs\/","url":"https:\/\/villa-ibiza-resort.de\/fr\/les-environs\/","name":"Les Environs - Villa Ibiza Resort","isPartOf":{"@id":"https:\/\/villa-ibiza-resort.de\/fr\/#website"},"primaryImageOfPage":{"@id":"https:\/\/villa-ibiza-resort.de\/fr\/les-environs\/#primaryimage"},"image":{"@id":"https:\/\/villa-ibiza-resort.de\/fr\/les-environs\/#primaryimage"},"thumbnailUrl":"https:\/\/villa-ibiza-resort.de\/wp-content\/uploads\/vine.jpg","datePublished":"2019-02-26T13:53:17+00:00","dateModified":"2019-03-07T14:37:15+00:00","breadcrumb":{"@id":"https:\/\/villa-ibiza-resort.de\/fr\/les-environs\/#breadcrumb"},"inLanguage":"fr-FR","potentialAction":[{"@type":"ReadAction","target":["https:\/\/villa-ibiza-resort.de\/fr\/les-environs\/"]}]},{"@type":"ImageObject","inLanguage":"fr-FR","@id":"https:\/\/villa-ibiza-resort.de\/fr\/les-environs\/#primaryimage","url":"https:\/\/villa-ibiza-resort.de\/wp-content\/uploads\/vine.jpg","contentUrl":"https:\/\/villa-ibiza-resort.de\/wp-content\/uploads\/vine.jpg","width":1920,"height":1293,"caption":"D\u00e9tendez-vous sur la plage"},{"@type":"BreadcrumbList","@id":"https:\/\/villa-ibiza-resort.de\/fr\/les-environs\/#breadcrumb","itemListElement":[{"@type":"ListItem","position":1,"name":"Portada","item":"https:\/\/villa-ibiza-resort.de\/fr\/"},{"@type":"ListItem","position":2,"name":"Les Environs"}]},{"@type":"WebSite","@id":"https:\/\/villa-ibiza-resort.de\/fr\/#website","url":"https:\/\/villa-ibiza-resort.de\/fr\/","name":"Villa Ibiza Resort","description":"Paradies f\u00fcr Ruhe &amp; Erholung","potentialAction":[{"@type":"SearchAction","target":{"@type":"EntryPoint","urlTemplate":"https:\/\/villa-ibiza-resort.de\/fr\/?s={search_term_string}"},"query-input":{"@type":"PropertyValueSpecification","valueRequired":true,"valueName":"search_term_string"}}],"inLanguage":"fr-FR"}]}},"_links":{"self":[{"href":"https:\/\/villa-ibiza-resort.de\/fr\/wp-json\/wp\/v2\/pages\/3318","targetHints":{"allow":["GET"]}}],"collection":[{"href":"https:\/\/villa-ibiza-resort.de\/fr\/wp-json\/wp\/v2\/pages"}],"about":[{"href":"https:\/\/villa-ibiza-resort.de\/fr\/wp-json\/wp\/v2\/types\/page"}],"author":[{"embeddable":true,"href":"https:\/\/villa-ibiza-resort.de\/fr\/wp-json\/wp\/v2\/users\/5"}],"replies":[{"embeddable":true,"href":"https:\/\/villa-ibiza-resort.de\/fr\/wp-json\/wp\/v2\/comments?post=3318"}],"version-history":[{"count":0,"href":"https:\/\/villa-ibiza-resort.de\/fr\/wp-json\/wp\/v2\/pages\/3318\/revisions"}],"wp:featuredmedia":[{"embeddable":true,"href":"https:\/\/villa-ibiza-resort.de\/fr\/wp-json\/wp\/v2\/media\/3309"}],"wp:attachment":[{"href":"https:\/\/villa-ibiza-resort.de\/fr\/wp-json\/wp\/v2\/media?parent=3318"}],"curies":[{"name":"wp","href":"https:\/\/api.w.org\/{rel}","templated":true}]}}