{"id":3334,"date":"2019-02-26T14:24:46","date_gmt":"2019-02-26T14:24:46","guid":{"rendered":"https:\/\/villa-ibiza-resort.de\/les-environs\/activites\/"},"modified":"2019-07-16T17:12:44","modified_gmt":"2019-07-16T17:12:44","slug":"activites","status":"publish","type":"page","link":"https:\/\/villa-ibiza-resort.de\/fr\/les-environs\/activites\/","title":{"rendered":"Activit\u00e9s"},"content":{"rendered":"<div class=\"wpb-content-wrapper\">[vc_row][vc_column][vc_separator color=\u00a0\u00bbmulled_wine\u00a0\u00bb el_width=\u00a0\u00bb40&Prime;][\/vc_column][\/vc_row][vc_row][vc_column][vc_single_image image=\u00a0\u00bb2197&Prime; img_size=\u00a0\u00bblarge\u00a0\u00bb alignment=\u00a0\u00bbcenter\u00a0\u00bb onclick=\u00a0\u00bblink_image\u00a0\u00bb title=\u00a0\u00bbLe sport\u00a0\u00bb][\/vc_column][\/vc_row][vc_row][vc_column][vc_wp_text]\n<p>Pour ceux que l&rsquo;escalade attire, l&rsquo;aire de <strong>Freeclimbing<\/strong> \u00ab\u00a0<span style=\"text-decoration: underline;\">Pared de Buddha<\/span>\u00a0\u00bb avec vue sur l&rsquo;\u00cele d&rsquo;Es Vedra est \u00e0 10 minutes et offre une zone \u00e0 vous couper le souffle, directement au-dessus de la mer.<\/p>\n<p><a href=\"http:\/\/www.felsklettern.ch\/gebietsinfos.php?land_id=4&amp;kanton_id=12\" target=\"_blank\" rel=\"noopener noreferrer\">http:\/\/www.felsklettern.ch\/gebietsinfos.php?land_id=4&amp;kanton_id=12<\/a><\/p>\n<p>Les <strong>cavaliers<\/strong> peuvent r\u00e9server des heures au centre \u00e9questre ou faire une chevauch\u00e9e nocturne \u00e0 travers les pin\u00e8des.<\/p>\n<p><a href=\"http:\/\/www.ibizahorses.es\" target=\"_blank\" rel=\"noopener noreferrer\">http:\/\/www.ibizahorses.es<\/a><\/p>\n<p>Pour les <strong>cyclistes \u00e0 VTT<\/strong>, les sentiers balis\u00e9s commencent directement devant la porte de la maison.<\/p>\n<p><a href=\"https:\/\/www.komoot.com\/guide\/1774\/mtb-trails-in-ibiza\" target=\"_blank\" rel=\"noopener noreferrer\">https:\/\/www.komoot.com\/guide\/1774\/mtb-trails-in-ibiza<\/a><\/p>\n<p>Pour des <strong>plongeurs sous-marins<\/strong> je conseille la baie \u00ab\u00a0Cala Vadella\u00a0\u00bb pour faire de la plong\u00e9e nocturne et pour jouer avec les hippocampes curieux et les pieuvres. Ou alors, vous rendez visite aux nombreux homards \u00e0 40 m de profondeur.<\/p>\n<p><a href=\"http:\/\/bigblueibiza.com\" target=\"_blank\" rel=\"noopener noreferrer\">http:\/\/bigblueibiza.com<\/a><\/p>\n<p>Le matin et le soir sont parfaits pour les <strong>joggeurs<\/strong> ; le d\u00e9part se fait directement depuis le terrain.<\/p>\n<p><a href=\"https:\/\/www.mapmyrun.com\/es\/sant-josep-de-sa-talaia-balearic-islands\/\" target=\"_blank\" rel=\"noopener noreferrer\">https:\/\/www.mapmyrun.com\/es\/sant-josep-de-sa-talaia-balearic-islands\/<\/a><\/p>\n<p>Celui qui aime <strong>randonner<\/strong> peut commencer \u00e0 partir d&rsquo;ici ; il y nombreux sentiers charmants traversant les pin\u00e8des en passant par des baies solidaires.<\/p>\n<p><a href=\"https:\/\/www.ibiza-spotlight.de\/cycling-walking\" target=\"_blank\" rel=\"noopener noreferrer\">https:\/\/www.ibiza-spotlight.de\/cycling-walking<\/a><\/p>\n<p>&nbsp;<\/p>\n[\/vc_wp_text][\/vc_column][\/vc_row]\n<\/div>","protected":false},"excerpt":{"rendered":"<p>[vc_row][vc_column][vc_separator color=\u00a0\u00bbmulled_wine\u00a0\u00bb el_width=\u00a0\u00bb40&Prime;][\/vc_column][\/vc_row][vc_row][vc_column][vc_single_image image=\u00a0\u00bb2197&Prime; img_size=\u00a0\u00bblarge\u00a0\u00bb alignment=\u00a0\u00bbcenter\u00a0\u00bb onclick=\u00a0\u00bblink_image\u00a0\u00bb title=\u00a0\u00bbLe sport\u00a0\u00bb][\/vc_column][\/vc_row][vc_row][vc_column][vc_wp_text] Pour ceux que l&rsquo;escalade attire, l&rsquo;aire de Freeclimbing \u00ab\u00a0Pared de Buddha\u00a0\u00bb avec vue sur l&rsquo;\u00cele d&rsquo;Es Vedra est \u00e0 10 minutes et offre une zone \u00e0 vous couper le souffle, directement au-dessus de la mer. http:\/\/www.felsklettern.ch\/gebietsinfos.php?land_id=4&amp;kanton_id=12 Les cavaliers peuvent r\u00e9server des heures au centre \u00e9questre ou [&hellip;]<\/p>\n","protected":false},"author":7,"featured_media":3328,"parent":3318,"menu_order":0,"comment_status":"closed","ping_status":"closed","template":"","meta":{"footnotes":""},"class_list":["post-3334","page","type-page","status-publish","has-post-thumbnail","hentry"],"yoast_head":"<!-- This site is optimized with the Yoast SEO plugin v26.5 - https:\/\/yoast.com\/wordpress\/plugins\/seo\/ -->\n<title>Activit\u00e9s - Villa Ibiza Resort<\/title>\n<meta name=\"robots\" content=\"index, follow, max-snippet:-1, max-image-preview:large, max-video-preview:-1\" \/>\n<link rel=\"canonical\" href=\"https:\/\/villa-ibiza-resort.de\/fr\/les-environs\/activites\/\" \/>\n<meta property=\"og:locale\" content=\"fr_FR\" \/>\n<meta property=\"og:type\" content=\"article\" \/>\n<meta property=\"og:title\" content=\"Activit\u00e9s - Villa Ibiza Resort\" \/>\n<meta property=\"og:description\" content=\"[vc_row][vc_column][vc_separator color=\u00a0\u00bbmulled_wine\u00a0\u00bb el_width=\u00a0\u00bb40&Prime;][\/vc_column][\/vc_row][vc_row][vc_column][vc_single_image image=\u00a0\u00bb2197&Prime; img_size=\u00a0\u00bblarge\u00a0\u00bb alignment=\u00a0\u00bbcenter\u00a0\u00bb onclick=\u00a0\u00bblink_image\u00a0\u00bb title=\u00a0\u00bbLe sport\u00a0\u00bb][\/vc_column][\/vc_row][vc_row][vc_column][vc_wp_text] Pour ceux que l&rsquo;escalade attire, l&rsquo;aire de Freeclimbing \u00ab\u00a0Pared de Buddha\u00a0\u00bb avec vue sur l&rsquo;\u00cele d&rsquo;Es Vedra est \u00e0 10 minutes et offre une zone \u00e0 vous couper le souffle, directement au-dessus de la mer. http:\/\/www.felsklettern.ch\/gebietsinfos.php?land_id=4&amp;kanton_id=12 Les cavaliers peuvent r\u00e9server des heures au centre \u00e9questre ou [&hellip;]\" \/>\n<meta property=\"og:url\" content=\"https:\/\/villa-ibiza-resort.de\/fr\/les-environs\/activites\/\" \/>\n<meta property=\"og:site_name\" content=\"Villa Ibiza Resort\" \/>\n<meta property=\"article:modified_time\" content=\"2019-07-16T17:12:44+00:00\" \/>\n<meta property=\"og:image\" content=\"https:\/\/villa-ibiza-resort.de\/wp-content\/uploads\/surf.jpg\" \/>\n\t<meta property=\"og:image:width\" content=\"1920\" \/>\n\t<meta property=\"og:image:height\" content=\"685\" \/>\n\t<meta property=\"og:image:type\" content=\"image\/jpeg\" \/>\n<meta name=\"twitter:card\" content=\"summary_large_image\" \/>\n<meta name=\"twitter:label1\" content=\"Dur\u00e9e de lecture estim\u00e9e\" \/>\n\t<meta name=\"twitter:data1\" content=\"1 minute\" \/>\n<script type=\"application\/ld+json\" class=\"yoast-schema-graph\">{\"@context\":\"https:\/\/schema.org\",\"@graph\":[{\"@type\":\"WebPage\",\"@id\":\"https:\/\/villa-ibiza-resort.de\/fr\/les-environs\/activites\/\",\"url\":\"https:\/\/villa-ibiza-resort.de\/fr\/les-environs\/activites\/\",\"name\":\"Activit\u00e9s - Villa Ibiza Resort\",\"isPartOf\":{\"@id\":\"https:\/\/villa-ibiza-resort.de\/fr\/#website\"},\"primaryImageOfPage\":{\"@id\":\"https:\/\/villa-ibiza-resort.de\/fr\/les-environs\/activites\/#primaryimage\"},\"image\":{\"@id\":\"https:\/\/villa-ibiza-resort.de\/fr\/les-environs\/activites\/#primaryimage\"},\"thumbnailUrl\":\"https:\/\/villa-ibiza-resort.de\/wp-content\/uploads\/surf.jpg\",\"datePublished\":\"2019-02-26T14:24:46+00:00\",\"dateModified\":\"2019-07-16T17:12:44+00:00\",\"breadcrumb\":{\"@id\":\"https:\/\/villa-ibiza-resort.de\/fr\/les-environs\/activites\/#breadcrumb\"},\"inLanguage\":\"fr-FR\",\"potentialAction\":[{\"@type\":\"ReadAction\",\"target\":[\"https:\/\/villa-ibiza-resort.de\/fr\/les-environs\/activites\/\"]}]},{\"@type\":\"ImageObject\",\"inLanguage\":\"fr-FR\",\"@id\":\"https:\/\/villa-ibiza-resort.de\/fr\/les-environs\/activites\/#primaryimage\",\"url\":\"https:\/\/villa-ibiza-resort.de\/wp-content\/uploads\/surf.jpg\",\"contentUrl\":\"https:\/\/villa-ibiza-resort.de\/wp-content\/uploads\/surf.jpg\",\"width\":1920,\"height\":685,\"caption\":\"Enjoy surfing\"},{\"@type\":\"BreadcrumbList\",\"@id\":\"https:\/\/villa-ibiza-resort.de\/fr\/les-environs\/activites\/#breadcrumb\",\"itemListElement\":[{\"@type\":\"ListItem\",\"position\":1,\"name\":\"Portada\",\"item\":\"https:\/\/villa-ibiza-resort.de\/fr\/\"},{\"@type\":\"ListItem\",\"position\":2,\"name\":\"Les Environs\",\"item\":\"https:\/\/villa-ibiza-resort.de\/fr\/les-environs\/\"},{\"@type\":\"ListItem\",\"position\":3,\"name\":\"Activit\u00e9s\"}]},{\"@type\":\"WebSite\",\"@id\":\"https:\/\/villa-ibiza-resort.de\/fr\/#website\",\"url\":\"https:\/\/villa-ibiza-resort.de\/fr\/\",\"name\":\"Villa Ibiza Resort\",\"description\":\"Paradies f\u00fcr Ruhe &amp; Erholung\",\"potentialAction\":[{\"@type\":\"SearchAction\",\"target\":{\"@type\":\"EntryPoint\",\"urlTemplate\":\"https:\/\/villa-ibiza-resort.de\/fr\/?s={search_term_string}\"},\"query-input\":{\"@type\":\"PropertyValueSpecification\",\"valueRequired\":true,\"valueName\":\"search_term_string\"}}],\"inLanguage\":\"fr-FR\"}]}<\/script>\n<!-- \/ Yoast SEO plugin. -->","yoast_head_json":{"title":"Activit\u00e9s - Villa Ibiza Resort","robots":{"index":"index","follow":"follow","max-snippet":"max-snippet:-1","max-image-preview":"max-image-preview:large","max-video-preview":"max-video-preview:-1"},"canonical":"https:\/\/villa-ibiza-resort.de\/fr\/les-environs\/activites\/","og_locale":"fr_FR","og_type":"article","og_title":"Activit\u00e9s - Villa Ibiza Resort","og_description":"[vc_row][vc_column][vc_separator color=\u00a0\u00bbmulled_wine\u00a0\u00bb el_width=\u00a0\u00bb40&Prime;][\/vc_column][\/vc_row][vc_row][vc_column][vc_single_image image=\u00a0\u00bb2197&Prime; img_size=\u00a0\u00bblarge\u00a0\u00bb alignment=\u00a0\u00bbcenter\u00a0\u00bb onclick=\u00a0\u00bblink_image\u00a0\u00bb title=\u00a0\u00bbLe sport\u00a0\u00bb][\/vc_column][\/vc_row][vc_row][vc_column][vc_wp_text] Pour ceux que l&rsquo;escalade attire, l&rsquo;aire de Freeclimbing \u00ab\u00a0Pared de Buddha\u00a0\u00bb avec vue sur l&rsquo;\u00cele d&rsquo;Es Vedra est \u00e0 10 minutes et offre une zone \u00e0 vous couper le souffle, directement au-dessus de la mer. http:\/\/www.felsklettern.ch\/gebietsinfos.php?land_id=4&amp;kanton_id=12 Les cavaliers peuvent r\u00e9server des heures au centre \u00e9questre ou [&hellip;]","og_url":"https:\/\/villa-ibiza-resort.de\/fr\/les-environs\/activites\/","og_site_name":"Villa Ibiza Resort","article_modified_time":"2019-07-16T17:12:44+00:00","og_image":[{"width":1920,"height":685,"url":"https:\/\/villa-ibiza-resort.de\/wp-content\/uploads\/surf.jpg","type":"image\/jpeg"}],"twitter_card":"summary_large_image","twitter_misc":{"Dur\u00e9e de lecture estim\u00e9e":"1 minute"},"schema":{"@context":"https:\/\/schema.org","@graph":[{"@type":"WebPage","@id":"https:\/\/villa-ibiza-resort.de\/fr\/les-environs\/activites\/","url":"https:\/\/villa-ibiza-resort.de\/fr\/les-environs\/activites\/","name":"Activit\u00e9s - Villa Ibiza Resort","isPartOf":{"@id":"https:\/\/villa-ibiza-resort.de\/fr\/#website"},"primaryImageOfPage":{"@id":"https:\/\/villa-ibiza-resort.de\/fr\/les-environs\/activites\/#primaryimage"},"image":{"@id":"https:\/\/villa-ibiza-resort.de\/fr\/les-environs\/activites\/#primaryimage"},"thumbnailUrl":"https:\/\/villa-ibiza-resort.de\/wp-content\/uploads\/surf.jpg","datePublished":"2019-02-26T14:24:46+00:00","dateModified":"2019-07-16T17:12:44+00:00","breadcrumb":{"@id":"https:\/\/villa-ibiza-resort.de\/fr\/les-environs\/activites\/#breadcrumb"},"inLanguage":"fr-FR","potentialAction":[{"@type":"ReadAction","target":["https:\/\/villa-ibiza-resort.de\/fr\/les-environs\/activites\/"]}]},{"@type":"ImageObject","inLanguage":"fr-FR","@id":"https:\/\/villa-ibiza-resort.de\/fr\/les-environs\/activites\/#primaryimage","url":"https:\/\/villa-ibiza-resort.de\/wp-content\/uploads\/surf.jpg","contentUrl":"https:\/\/villa-ibiza-resort.de\/wp-content\/uploads\/surf.jpg","width":1920,"height":685,"caption":"Enjoy surfing"},{"@type":"BreadcrumbList","@id":"https:\/\/villa-ibiza-resort.de\/fr\/les-environs\/activites\/#breadcrumb","itemListElement":[{"@type":"ListItem","position":1,"name":"Portada","item":"https:\/\/villa-ibiza-resort.de\/fr\/"},{"@type":"ListItem","position":2,"name":"Les Environs","item":"https:\/\/villa-ibiza-resort.de\/fr\/les-environs\/"},{"@type":"ListItem","position":3,"name":"Activit\u00e9s"}]},{"@type":"WebSite","@id":"https:\/\/villa-ibiza-resort.de\/fr\/#website","url":"https:\/\/villa-ibiza-resort.de\/fr\/","name":"Villa Ibiza Resort","description":"Paradies f\u00fcr Ruhe &amp; Erholung","potentialAction":[{"@type":"SearchAction","target":{"@type":"EntryPoint","urlTemplate":"https:\/\/villa-ibiza-resort.de\/fr\/?s={search_term_string}"},"query-input":{"@type":"PropertyValueSpecification","valueRequired":true,"valueName":"search_term_string"}}],"inLanguage":"fr-FR"}]}},"_links":{"self":[{"href":"https:\/\/villa-ibiza-resort.de\/fr\/wp-json\/wp\/v2\/pages\/3334","targetHints":{"allow":["GET"]}}],"collection":[{"href":"https:\/\/villa-ibiza-resort.de\/fr\/wp-json\/wp\/v2\/pages"}],"about":[{"href":"https:\/\/villa-ibiza-resort.de\/fr\/wp-json\/wp\/v2\/types\/page"}],"author":[{"embeddable":true,"href":"https:\/\/villa-ibiza-resort.de\/fr\/wp-json\/wp\/v2\/users\/7"}],"replies":[{"embeddable":true,"href":"https:\/\/villa-ibiza-resort.de\/fr\/wp-json\/wp\/v2\/comments?post=3334"}],"version-history":[{"count":0,"href":"https:\/\/villa-ibiza-resort.de\/fr\/wp-json\/wp\/v2\/pages\/3334\/revisions"}],"up":[{"embeddable":true,"href":"https:\/\/villa-ibiza-resort.de\/fr\/wp-json\/wp\/v2\/pages\/3318"}],"wp:featuredmedia":[{"embeddable":true,"href":"https:\/\/villa-ibiza-resort.de\/fr\/wp-json\/wp\/v2\/media\/3328"}],"wp:attachment":[{"href":"https:\/\/villa-ibiza-resort.de\/fr\/wp-json\/wp\/v2\/media?parent=3334"}],"curies":[{"name":"wp","href":"https:\/\/api.w.org\/{rel}","templated":true}]}}