{"id":3364,"date":"2019-02-26T17:13:21","date_gmt":"2019-02-26T17:13:21","guid":{"rendered":"https:\/\/villa-ibiza-resort.de\/a-propos-de-nous\/"},"modified":"2021-03-21T10:04:06","modified_gmt":"2021-03-21T10:04:06","slug":"a-propos-de-nous","status":"publish","type":"page","link":"https:\/\/villa-ibiza-resort.de\/fr\/a-propos-de-nous\/","title":{"rendered":"A propos de nous"},"content":{"rendered":"<div class=\"wpb-content-wrapper\">[vc_row][vc_column][vc_separator color=\u00a0\u00bbmulled_wine\u00a0\u00bb el_width=\u00a0\u00bb40&Prime;][\/vc_column][\/vc_row][vc_row][vc_column width=\u00a0\u00bb5\/6&Prime;][vc_column_text]\n<p>C&rsquo;\u00e9tait une for\u00eat dense sans vue sur la mer. En 1992, j&rsquo;ai d\u00e9couvert cette propri\u00e9t\u00e9 et j&rsquo;en suis tomb\u00e9 amoureux.  La premi\u00e8re chose que j&rsquo;ai faite a \u00e9t\u00e9 de prendre soin de la for\u00eat et de cr\u00e9er une vue sur la mer. Dans mes temps libres, j&rsquo;ai construit cette maison en 23 ans de travail, la plupart du temps seul avec ma b\u00e9tonni\u00e8re. Le chemin \u00e9tait le but. Construction lente. R\u00e9duction \u00e0 l&rsquo;essentiel. Je me suis orient\u00e9e vers la lumi\u00e8re du soleil et l&rsquo;ombre en diff\u00e9rentes saisons et vers les plus belles vues. J&rsquo;ai appris \u00e0 appr\u00e9cier la beaut\u00e9 tranquille des arbres et des plantes, qui s&rsquo;entendent presque sans eau.<\/p>\n<p>J&rsquo;ai adapt\u00e9 la maison \u00e0 l&rsquo;endroit, pas l&rsquo;inverse. Il est en harmonie avec la nature. Un lieu pour ceux qui aiment le contact avec la nature. Le son des pins, le chant des oiseaux, le concert des grillons, le grondement des grenouilles. Et cette vue magnifique sur la gorge et la mer. Tu te rapproches de toi-m\u00eame.<\/p>\n<p>Bienvenue!<\/p>\n<p>Michael!<\/p>\n[\/vc_column_text][\/vc_column][vc_column width=\u00a0\u00bb1\/6&Prime;][vc_single_image image=\u00a0\u00bb2221&Prime; img_size=\u00a0\u00bbfull\u00a0\u00bb alignment=\u00a0\u00bbright\u00a0\u00bb][\/vc_column][\/vc_row]\n<\/div>","protected":false},"excerpt":{"rendered":"<p>[vc_row][vc_column][vc_separator color=\u00a0\u00bbmulled_wine\u00a0\u00bb el_width=\u00a0\u00bb40&Prime;][\/vc_column][\/vc_row][vc_row][vc_column width=\u00a0\u00bb5\/6&Prime;][vc_column_text] C&rsquo;\u00e9tait une for\u00eat dense sans vue sur la mer. En 1992, j&rsquo;ai d\u00e9couvert cette propri\u00e9t\u00e9 et j&rsquo;en suis tomb\u00e9 amoureux. La premi\u00e8re chose que j&rsquo;ai faite a \u00e9t\u00e9 de prendre soin de la for\u00eat et de cr\u00e9er une vue sur la mer. Dans mes temps libres, j&rsquo;ai construit cette maison en [&hellip;]<\/p>\n","protected":false},"author":5,"featured_media":3473,"parent":0,"menu_order":0,"comment_status":"closed","ping_status":"closed","template":"","meta":{"footnotes":""},"class_list":["post-3364","page","type-page","status-publish","has-post-thumbnail","hentry"],"yoast_head":"<!-- This site is optimized with the Yoast SEO plugin v26.5 - https:\/\/yoast.com\/wordpress\/plugins\/seo\/ -->\n<title>A propos de nous - Villa Ibiza Resort<\/title>\n<meta name=\"robots\" content=\"index, follow, max-snippet:-1, max-image-preview:large, max-video-preview:-1\" \/>\n<link rel=\"canonical\" href=\"https:\/\/villa-ibiza-resort.de\/fr\/a-propos-de-nous\/\" \/>\n<meta property=\"og:locale\" content=\"fr_FR\" \/>\n<meta property=\"og:type\" content=\"article\" \/>\n<meta property=\"og:title\" content=\"A propos de nous - Villa Ibiza Resort\" \/>\n<meta property=\"og:description\" content=\"[vc_row][vc_column][vc_separator color=\u00a0\u00bbmulled_wine\u00a0\u00bb el_width=\u00a0\u00bb40&Prime;][\/vc_column][\/vc_row][vc_row][vc_column width=\u00a0\u00bb5\/6&Prime;][vc_column_text] C&rsquo;\u00e9tait une for\u00eat dense sans vue sur la mer. En 1992, j&rsquo;ai d\u00e9couvert cette propri\u00e9t\u00e9 et j&rsquo;en suis tomb\u00e9 amoureux. La premi\u00e8re chose que j&rsquo;ai faite a \u00e9t\u00e9 de prendre soin de la for\u00eat et de cr\u00e9er une vue sur la mer. Dans mes temps libres, j&rsquo;ai construit cette maison en [&hellip;]\" \/>\n<meta property=\"og:url\" content=\"https:\/\/villa-ibiza-resort.de\/fr\/a-propos-de-nous\/\" \/>\n<meta property=\"og:site_name\" content=\"Villa Ibiza Resort\" \/>\n<meta property=\"article:modified_time\" content=\"2021-03-21T10:04:06+00:00\" \/>\n<meta property=\"og:image\" content=\"https:\/\/villa-ibiza-resort.de\/wp-content\/uploads\/Gr\u00e4ser.jpg\" \/>\n\t<meta property=\"og:image:width\" content=\"3000\" \/>\n\t<meta property=\"og:image:height\" content=\"2000\" \/>\n\t<meta property=\"og:image:type\" content=\"image\/jpeg\" \/>\n<meta name=\"twitter:card\" content=\"summary_large_image\" \/>\n<meta name=\"twitter:label1\" content=\"Dur\u00e9e de lecture estim\u00e9e\" \/>\n\t<meta name=\"twitter:data1\" content=\"1 minute\" \/>\n<script type=\"application\/ld+json\" class=\"yoast-schema-graph\">{\"@context\":\"https:\/\/schema.org\",\"@graph\":[{\"@type\":\"WebPage\",\"@id\":\"https:\/\/villa-ibiza-resort.de\/fr\/a-propos-de-nous\/\",\"url\":\"https:\/\/villa-ibiza-resort.de\/fr\/a-propos-de-nous\/\",\"name\":\"A propos de nous - Villa Ibiza Resort\",\"isPartOf\":{\"@id\":\"https:\/\/villa-ibiza-resort.de\/fr\/#website\"},\"primaryImageOfPage\":{\"@id\":\"https:\/\/villa-ibiza-resort.de\/fr\/a-propos-de-nous\/#primaryimage\"},\"image\":{\"@id\":\"https:\/\/villa-ibiza-resort.de\/fr\/a-propos-de-nous\/#primaryimage\"},\"thumbnailUrl\":\"https:\/\/villa-ibiza-resort.de\/wp-content\/uploads\/Gr\u00e4ser.jpg\",\"datePublished\":\"2019-02-26T17:13:21+00:00\",\"dateModified\":\"2021-03-21T10:04:06+00:00\",\"breadcrumb\":{\"@id\":\"https:\/\/villa-ibiza-resort.de\/fr\/a-propos-de-nous\/#breadcrumb\"},\"inLanguage\":\"fr-FR\",\"potentialAction\":[{\"@type\":\"ReadAction\",\"target\":[\"https:\/\/villa-ibiza-resort.de\/fr\/a-propos-de-nous\/\"]}]},{\"@type\":\"ImageObject\",\"inLanguage\":\"fr-FR\",\"@id\":\"https:\/\/villa-ibiza-resort.de\/fr\/a-propos-de-nous\/#primaryimage\",\"url\":\"https:\/\/villa-ibiza-resort.de\/wp-content\/uploads\/Gr\u00e4ser.jpg\",\"contentUrl\":\"https:\/\/villa-ibiza-resort.de\/wp-content\/uploads\/Gr\u00e4ser.jpg\",\"width\":3000,\"height\":2000},{\"@type\":\"BreadcrumbList\",\"@id\":\"https:\/\/villa-ibiza-resort.de\/fr\/a-propos-de-nous\/#breadcrumb\",\"itemListElement\":[{\"@type\":\"ListItem\",\"position\":1,\"name\":\"Portada\",\"item\":\"https:\/\/villa-ibiza-resort.de\/fr\/\"},{\"@type\":\"ListItem\",\"position\":2,\"name\":\"A propos de nous\"}]},{\"@type\":\"WebSite\",\"@id\":\"https:\/\/villa-ibiza-resort.de\/fr\/#website\",\"url\":\"https:\/\/villa-ibiza-resort.de\/fr\/\",\"name\":\"Villa Ibiza Resort\",\"description\":\"Paradies f\u00fcr Ruhe &amp; Erholung\",\"potentialAction\":[{\"@type\":\"SearchAction\",\"target\":{\"@type\":\"EntryPoint\",\"urlTemplate\":\"https:\/\/villa-ibiza-resort.de\/fr\/?s={search_term_string}\"},\"query-input\":{\"@type\":\"PropertyValueSpecification\",\"valueRequired\":true,\"valueName\":\"search_term_string\"}}],\"inLanguage\":\"fr-FR\"}]}<\/script>\n<!-- \/ Yoast SEO plugin. -->","yoast_head_json":{"title":"A propos de nous - Villa Ibiza Resort","robots":{"index":"index","follow":"follow","max-snippet":"max-snippet:-1","max-image-preview":"max-image-preview:large","max-video-preview":"max-video-preview:-1"},"canonical":"https:\/\/villa-ibiza-resort.de\/fr\/a-propos-de-nous\/","og_locale":"fr_FR","og_type":"article","og_title":"A propos de nous - Villa Ibiza Resort","og_description":"[vc_row][vc_column][vc_separator color=\u00a0\u00bbmulled_wine\u00a0\u00bb el_width=\u00a0\u00bb40&Prime;][\/vc_column][\/vc_row][vc_row][vc_column width=\u00a0\u00bb5\/6&Prime;][vc_column_text] C&rsquo;\u00e9tait une for\u00eat dense sans vue sur la mer. En 1992, j&rsquo;ai d\u00e9couvert cette propri\u00e9t\u00e9 et j&rsquo;en suis tomb\u00e9 amoureux. La premi\u00e8re chose que j&rsquo;ai faite a \u00e9t\u00e9 de prendre soin de la for\u00eat et de cr\u00e9er une vue sur la mer. Dans mes temps libres, j&rsquo;ai construit cette maison en [&hellip;]","og_url":"https:\/\/villa-ibiza-resort.de\/fr\/a-propos-de-nous\/","og_site_name":"Villa Ibiza Resort","article_modified_time":"2021-03-21T10:04:06+00:00","og_image":[{"width":3000,"height":2000,"url":"https:\/\/villa-ibiza-resort.de\/wp-content\/uploads\/Gr\u00e4ser.jpg","type":"image\/jpeg"}],"twitter_card":"summary_large_image","twitter_misc":{"Dur\u00e9e de lecture estim\u00e9e":"1 minute"},"schema":{"@context":"https:\/\/schema.org","@graph":[{"@type":"WebPage","@id":"https:\/\/villa-ibiza-resort.de\/fr\/a-propos-de-nous\/","url":"https:\/\/villa-ibiza-resort.de\/fr\/a-propos-de-nous\/","name":"A propos de nous - Villa Ibiza Resort","isPartOf":{"@id":"https:\/\/villa-ibiza-resort.de\/fr\/#website"},"primaryImageOfPage":{"@id":"https:\/\/villa-ibiza-resort.de\/fr\/a-propos-de-nous\/#primaryimage"},"image":{"@id":"https:\/\/villa-ibiza-resort.de\/fr\/a-propos-de-nous\/#primaryimage"},"thumbnailUrl":"https:\/\/villa-ibiza-resort.de\/wp-content\/uploads\/Gr\u00e4ser.jpg","datePublished":"2019-02-26T17:13:21+00:00","dateModified":"2021-03-21T10:04:06+00:00","breadcrumb":{"@id":"https:\/\/villa-ibiza-resort.de\/fr\/a-propos-de-nous\/#breadcrumb"},"inLanguage":"fr-FR","potentialAction":[{"@type":"ReadAction","target":["https:\/\/villa-ibiza-resort.de\/fr\/a-propos-de-nous\/"]}]},{"@type":"ImageObject","inLanguage":"fr-FR","@id":"https:\/\/villa-ibiza-resort.de\/fr\/a-propos-de-nous\/#primaryimage","url":"https:\/\/villa-ibiza-resort.de\/wp-content\/uploads\/Gr\u00e4ser.jpg","contentUrl":"https:\/\/villa-ibiza-resort.de\/wp-content\/uploads\/Gr\u00e4ser.jpg","width":3000,"height":2000},{"@type":"BreadcrumbList","@id":"https:\/\/villa-ibiza-resort.de\/fr\/a-propos-de-nous\/#breadcrumb","itemListElement":[{"@type":"ListItem","position":1,"name":"Portada","item":"https:\/\/villa-ibiza-resort.de\/fr\/"},{"@type":"ListItem","position":2,"name":"A propos de nous"}]},{"@type":"WebSite","@id":"https:\/\/villa-ibiza-resort.de\/fr\/#website","url":"https:\/\/villa-ibiza-resort.de\/fr\/","name":"Villa Ibiza Resort","description":"Paradies f\u00fcr Ruhe &amp; Erholung","potentialAction":[{"@type":"SearchAction","target":{"@type":"EntryPoint","urlTemplate":"https:\/\/villa-ibiza-resort.de\/fr\/?s={search_term_string}"},"query-input":{"@type":"PropertyValueSpecification","valueRequired":true,"valueName":"search_term_string"}}],"inLanguage":"fr-FR"}]}},"_links":{"self":[{"href":"https:\/\/villa-ibiza-resort.de\/fr\/wp-json\/wp\/v2\/pages\/3364","targetHints":{"allow":["GET"]}}],"collection":[{"href":"https:\/\/villa-ibiza-resort.de\/fr\/wp-json\/wp\/v2\/pages"}],"about":[{"href":"https:\/\/villa-ibiza-resort.de\/fr\/wp-json\/wp\/v2\/types\/page"}],"author":[{"embeddable":true,"href":"https:\/\/villa-ibiza-resort.de\/fr\/wp-json\/wp\/v2\/users\/5"}],"replies":[{"embeddable":true,"href":"https:\/\/villa-ibiza-resort.de\/fr\/wp-json\/wp\/v2\/comments?post=3364"}],"version-history":[{"count":0,"href":"https:\/\/villa-ibiza-resort.de\/fr\/wp-json\/wp\/v2\/pages\/3364\/revisions"}],"wp:featuredmedia":[{"embeddable":true,"href":"https:\/\/villa-ibiza-resort.de\/fr\/wp-json\/wp\/v2\/media\/3473"}],"wp:attachment":[{"href":"https:\/\/villa-ibiza-resort.de\/fr\/wp-json\/wp\/v2\/media?parent=3364"}],"curies":[{"name":"wp","href":"https:\/\/api.w.org\/{rel}","templated":true}]}}