{"id":3393,"date":"2019-02-26T18:27:10","date_gmt":"2019-02-26T18:27:10","guid":{"rendered":"https:\/\/villa-ibiza-resort.de\/a-propos-de-nous\/notations\/"},"modified":"2019-03-28T17:25:05","modified_gmt":"2019-03-28T17:25:05","slug":"notations","status":"publish","type":"page","link":"https:\/\/villa-ibiza-resort.de\/fr\/a-propos-de-nous\/notations\/","title":{"rendered":"Notations"},"content":{"rendered":"<div class=\"wpb-content-wrapper\">[vc_row][vc_column][vc_separator color=\u00a0\u00bbmulled_wine\u00a0\u00bb el_width=\u00a0\u00bb40&Prime;][\/vc_column][\/vc_row][vc_row][vc_column][vc_column_text]\n<p><strong>Pure d\u00e9tente !!!!!\u00a0\u00a0\u00a0\u00a0\u00a0\u00a0\u00a0 5 \u00e9toiles *****<\/strong><\/p>\n<p>Nous avons pass\u00e9 un merveilleux moment \u00e0 Villa Ibiza Resort ! Si calme, si paisible ! La vue sur l&rsquo;\u00eele de Formentera est fantastique. Un lieu de d\u00e9tente et de r\u00e9flexion : coucher et lire dans le hamac, \u00e9couter le son du vent dans les pins, l&rsquo;odeur du romarin dans le nez. Pendant les nuits chaudes, les enfants comptaient les \u00e9toiles filantes et observaient les grenouilles dans l&rsquo;\u00e9tang aux n\u00e9nuphars, tandis que nous, les adultes, nous aimions vivre ensemble tous les soirs \u00e0 la longue table sur la terrasse. C&rsquo;est comme \u00e7a que doivent \u00eatre les vacances ! D\u00e9tendue, joyeuse, d\u00e9tach\u00e9e. C&rsquo;\u00e9tait si beau ! Nous reviendrons certainement. (Katrin A. 09.06.13)<\/p>\n<p>&nbsp;<\/p>\n<p><strong>Magnifique villa &#8211; magnifique panorama !\u00a0\u00a0\u00a0\u00a0\u00a0\u00a0\u00a0 5 \u00e9toiles *****<\/strong><\/p>\n<p>La maison est vraiment g\u00e9niale. L&rsquo;architecture et la qualit\u00e9 du b\u00e2timent sont de premi\u00e8re classe, ni ancienne et fade, ni le modernisme d&rsquo;Ibiza, souvent mal ex\u00e9cut\u00e9. La vue sur la baie d&rsquo;Es Xarcu est tr\u00e8s belle. Surtout, les lits sont bons. Absolument recommandable. (Fabian H., 08.09.15)<\/p>\n<p>&nbsp;<\/p>\n<p><strong>Pour les amoureux de la nature et de la beaut\u00e9.\u00a0\u00a0\u00a0\u00a0\u00a0\u00a0\u00a0 4 Sterne ****<\/strong><\/p>\n<p>Nous avons pass\u00e9 un moment merveilleux et magique dans cette villa. Les enfants ont le plus appr\u00e9ci\u00e9 la piscine et la nature. La seule critique que je peux trouver est le manque d&rsquo;air conditionn\u00e9. Les nuits d&rsquo;\u00e9t\u00e9 peuvent \u00eatre tr\u00e8s chaudes ! (Nancy D., 22.09.15)<\/p>\n<p>Ma r\u00e9ponse:<\/p>\n<p>Nous savons tr\u00e8s bien que ces nuits chaudes d&rsquo;ao\u00fbt, quand la brise normalement soufflante s&rsquo;est arr\u00eat\u00e9e. Heureusement, cela n&rsquo;arrive pas tr\u00e8s souvent. Cependant, nous ne sommes pas des amis de l&rsquo;air conditionn\u00e9, car il vous coupe de la nature. Nous pr\u00e9f\u00e9rons nager un peu nus dans la piscine et ensuite retourner au lit. Pendant ce temps, nous avons des grands ventilateurs au plafond, mieux que la climatisation.<\/p>\n<p>&nbsp;<\/p>\n<p><strong>Tout est parfait !\u00a0\u00a0\u00a0\u00a0\u00a0\u00a0\u00a0 5 \u00e9toiles *****<\/strong><\/p>\n<p>Ne laisse rien \u00e0 d\u00e9sirer ! (Hans S., 12.09.15)<\/p>\n<p>&nbsp;<\/p>\n<p><strong>Charmante finca dans la pin\u00e8de.\u00a0\u00a0\u00a0\u00a0\u00a0\u00a0\u00a0 5 \u00e9toiles *****<\/strong><\/p>\n<p>Nous avons eu le droit de passer 2 semaines sur cette merveilleuse finca au design architectural habile avec toutes les garnitures. L&#8217;emplacement, la vue, l&rsquo;ameublement et l&rsquo;entretien ne laissent rien \u00e0 d\u00e9sirer. Bref, nous pouvons vous recommander la maison du fond du c\u0153ur ! (Selina B., 29.09.15)<\/p>\n<p>&nbsp;<\/p>\n<p><strong>D\u00e9tendez-vous en paix !\u00a0\u00a0\u00a0\u00a0\u00a0\u00a0\u00a0 5 \u00e9toiles *****<\/strong><\/p>\n<p>La villa est magnifiquement situ\u00e9e, l&rsquo;odeur de la pin\u00e8de vous souffle autour du nez quand vous sortez de la voiture. Il n&rsquo;y a que quelques autres villas \u00e0 proximit\u00e9 et la plupart du temps, vous ne pouvez rien entendre d&rsquo;autre que la nature. Nous avons eu un temps chaud, mais il y avait une brise l\u00e9g\u00e8re constante de la mer, donc c&rsquo;\u00e9tait extr\u00eamement agr\u00e9able. L&rsquo;\u00e9quipement de la cuisine est bon &#8211; contrairement \u00e0 d&rsquo;autres villas o\u00f9 nous \u00e9tions d\u00e9j\u00e0 pr\u00e9sents, les biens de consommation les plus importants sont d\u00e9j\u00e0 pr\u00e9sents (sel, poivre, nombreuses \u00e9pices, sucre, etc.). Les enfants se sont beaucoup amus\u00e9s avec les l\u00e9zards, les geckos et les grenouilles pr\u00e8s de la maison. Nous avons pass\u00e9 un tr\u00e8s bon moment et sommes revenus bien repos\u00e9s et d\u00e9tendus. (Stephan O., 26.06.16)<\/p>\n<p>&nbsp;<\/p>\n<p><strong>Ibiza vacances 2018.\u00a0\u00a0\u00a0\u00a0\u00a0\u00a0\u00a0 5 \u00e9toiles *****<\/strong><\/p>\n<p>Une tr\u00e8s belle maison avec une tr\u00e8s bonne ambiance ! Nous nous sommes sentis tr\u00e8s \u00e0 l&rsquo;aise et nous aimerions revenir. (Arthur s., 16.05.18)<\/p>\n<p>&nbsp;<\/p>\n[\/vc_column_text][\/vc_column][\/vc_row]\n<\/div>","protected":false},"excerpt":{"rendered":"<p>[vc_row][vc_column][vc_separator color=\u00a0\u00bbmulled_wine\u00a0\u00bb el_width=\u00a0\u00bb40&Prime;][\/vc_column][\/vc_row][vc_row][vc_column][vc_column_text] Pure d\u00e9tente !!!!!\u00a0\u00a0\u00a0\u00a0\u00a0\u00a0\u00a0 5 \u00e9toiles ***** Nous avons pass\u00e9 un merveilleux moment \u00e0 Villa Ibiza Resort ! Si calme, si paisible ! La vue sur l&rsquo;\u00eele de Formentera est fantastique. Un lieu de d\u00e9tente et de r\u00e9flexion : coucher et lire dans le hamac, \u00e9couter le son du vent dans les pins, [&hellip;]<\/p>\n","protected":false},"author":5,"featured_media":3397,"parent":3364,"menu_order":0,"comment_status":"closed","ping_status":"closed","template":"","meta":{"footnotes":""},"class_list":["post-3393","page","type-page","status-publish","has-post-thumbnail","hentry"],"yoast_head":"<!-- This site is optimized with the Yoast SEO plugin v26.5 - https:\/\/yoast.com\/wordpress\/plugins\/seo\/ -->\n<title>Notations - Villa Ibiza Resort<\/title>\n<meta name=\"robots\" content=\"index, follow, max-snippet:-1, max-image-preview:large, max-video-preview:-1\" \/>\n<link rel=\"canonical\" href=\"https:\/\/villa-ibiza-resort.de\/fr\/a-propos-de-nous\/notations\/\" \/>\n<meta property=\"og:locale\" content=\"fr_FR\" \/>\n<meta property=\"og:type\" content=\"article\" \/>\n<meta property=\"og:title\" content=\"Notations - Villa Ibiza Resort\" \/>\n<meta property=\"og:description\" content=\"[vc_row][vc_column][vc_separator color=\u00a0\u00bbmulled_wine\u00a0\u00bb el_width=\u00a0\u00bb40&Prime;][\/vc_column][\/vc_row][vc_row][vc_column][vc_column_text] Pure d\u00e9tente !!!!!\u00a0\u00a0\u00a0\u00a0\u00a0\u00a0\u00a0 5 \u00e9toiles ***** Nous avons pass\u00e9 un merveilleux moment \u00e0 Villa Ibiza Resort ! Si calme, si paisible ! La vue sur l&rsquo;\u00eele de Formentera est fantastique. Un lieu de d\u00e9tente et de r\u00e9flexion : coucher et lire dans le hamac, \u00e9couter le son du vent dans les pins, [&hellip;]\" \/>\n<meta property=\"og:url\" content=\"https:\/\/villa-ibiza-resort.de\/fr\/a-propos-de-nous\/notations\/\" \/>\n<meta property=\"og:site_name\" content=\"Villa Ibiza Resort\" \/>\n<meta property=\"article:modified_time\" content=\"2019-03-28T17:25:05+00:00\" \/>\n<meta property=\"og:image\" content=\"https:\/\/villa-ibiza-resort.de\/wp-content\/uploads\/face.jpg\" \/>\n\t<meta property=\"og:image:width\" content=\"1920\" \/>\n\t<meta property=\"og:image:height\" content=\"1050\" \/>\n\t<meta property=\"og:image:type\" content=\"image\/jpeg\" \/>\n<meta name=\"twitter:card\" content=\"summary_large_image\" \/>\n<meta name=\"twitter:label1\" content=\"Dur\u00e9e de lecture estim\u00e9e\" \/>\n\t<meta name=\"twitter:data1\" content=\"3 minutes\" \/>\n<script type=\"application\/ld+json\" class=\"yoast-schema-graph\">{\"@context\":\"https:\/\/schema.org\",\"@graph\":[{\"@type\":\"WebPage\",\"@id\":\"https:\/\/villa-ibiza-resort.de\/fr\/a-propos-de-nous\/notations\/\",\"url\":\"https:\/\/villa-ibiza-resort.de\/fr\/a-propos-de-nous\/notations\/\",\"name\":\"Notations - Villa Ibiza Resort\",\"isPartOf\":{\"@id\":\"https:\/\/villa-ibiza-resort.de\/fr\/#website\"},\"primaryImageOfPage\":{\"@id\":\"https:\/\/villa-ibiza-resort.de\/fr\/a-propos-de-nous\/notations\/#primaryimage\"},\"image\":{\"@id\":\"https:\/\/villa-ibiza-resort.de\/fr\/a-propos-de-nous\/notations\/#primaryimage\"},\"thumbnailUrl\":\"https:\/\/villa-ibiza-resort.de\/wp-content\/uploads\/face.jpg\",\"datePublished\":\"2019-02-26T18:27:10+00:00\",\"dateModified\":\"2019-03-28T17:25:05+00:00\",\"breadcrumb\":{\"@id\":\"https:\/\/villa-ibiza-resort.de\/fr\/a-propos-de-nous\/notations\/#breadcrumb\"},\"inLanguage\":\"fr-FR\",\"potentialAction\":[{\"@type\":\"ReadAction\",\"target\":[\"https:\/\/villa-ibiza-resort.de\/fr\/a-propos-de-nous\/notations\/\"]}]},{\"@type\":\"ImageObject\",\"inLanguage\":\"fr-FR\",\"@id\":\"https:\/\/villa-ibiza-resort.de\/fr\/a-propos-de-nous\/notations\/#primaryimage\",\"url\":\"https:\/\/villa-ibiza-resort.de\/wp-content\/uploads\/face.jpg\",\"contentUrl\":\"https:\/\/villa-ibiza-resort.de\/wp-content\/uploads\/face.jpg\",\"width\":1920,\"height\":1050},{\"@type\":\"BreadcrumbList\",\"@id\":\"https:\/\/villa-ibiza-resort.de\/fr\/a-propos-de-nous\/notations\/#breadcrumb\",\"itemListElement\":[{\"@type\":\"ListItem\",\"position\":1,\"name\":\"Portada\",\"item\":\"https:\/\/villa-ibiza-resort.de\/fr\/\"},{\"@type\":\"ListItem\",\"position\":2,\"name\":\"A propos de nous\",\"item\":\"https:\/\/villa-ibiza-resort.de\/fr\/a-propos-de-nous\/\"},{\"@type\":\"ListItem\",\"position\":3,\"name\":\"Notations\"}]},{\"@type\":\"WebSite\",\"@id\":\"https:\/\/villa-ibiza-resort.de\/fr\/#website\",\"url\":\"https:\/\/villa-ibiza-resort.de\/fr\/\",\"name\":\"Villa Ibiza Resort\",\"description\":\"Paradies f\u00fcr Ruhe &amp; Erholung\",\"potentialAction\":[{\"@type\":\"SearchAction\",\"target\":{\"@type\":\"EntryPoint\",\"urlTemplate\":\"https:\/\/villa-ibiza-resort.de\/fr\/?s={search_term_string}\"},\"query-input\":{\"@type\":\"PropertyValueSpecification\",\"valueRequired\":true,\"valueName\":\"search_term_string\"}}],\"inLanguage\":\"fr-FR\"}]}<\/script>\n<!-- \/ Yoast SEO plugin. -->","yoast_head_json":{"title":"Notations - Villa Ibiza Resort","robots":{"index":"index","follow":"follow","max-snippet":"max-snippet:-1","max-image-preview":"max-image-preview:large","max-video-preview":"max-video-preview:-1"},"canonical":"https:\/\/villa-ibiza-resort.de\/fr\/a-propos-de-nous\/notations\/","og_locale":"fr_FR","og_type":"article","og_title":"Notations - Villa Ibiza Resort","og_description":"[vc_row][vc_column][vc_separator color=\u00a0\u00bbmulled_wine\u00a0\u00bb el_width=\u00a0\u00bb40&Prime;][\/vc_column][\/vc_row][vc_row][vc_column][vc_column_text] Pure d\u00e9tente !!!!!\u00a0\u00a0\u00a0\u00a0\u00a0\u00a0\u00a0 5 \u00e9toiles ***** Nous avons pass\u00e9 un merveilleux moment \u00e0 Villa Ibiza Resort ! Si calme, si paisible ! La vue sur l&rsquo;\u00eele de Formentera est fantastique. Un lieu de d\u00e9tente et de r\u00e9flexion : coucher et lire dans le hamac, \u00e9couter le son du vent dans les pins, [&hellip;]","og_url":"https:\/\/villa-ibiza-resort.de\/fr\/a-propos-de-nous\/notations\/","og_site_name":"Villa Ibiza Resort","article_modified_time":"2019-03-28T17:25:05+00:00","og_image":[{"width":1920,"height":1050,"url":"https:\/\/villa-ibiza-resort.de\/wp-content\/uploads\/face.jpg","type":"image\/jpeg"}],"twitter_card":"summary_large_image","twitter_misc":{"Dur\u00e9e de lecture estim\u00e9e":"3 minutes"},"schema":{"@context":"https:\/\/schema.org","@graph":[{"@type":"WebPage","@id":"https:\/\/villa-ibiza-resort.de\/fr\/a-propos-de-nous\/notations\/","url":"https:\/\/villa-ibiza-resort.de\/fr\/a-propos-de-nous\/notations\/","name":"Notations - Villa Ibiza Resort","isPartOf":{"@id":"https:\/\/villa-ibiza-resort.de\/fr\/#website"},"primaryImageOfPage":{"@id":"https:\/\/villa-ibiza-resort.de\/fr\/a-propos-de-nous\/notations\/#primaryimage"},"image":{"@id":"https:\/\/villa-ibiza-resort.de\/fr\/a-propos-de-nous\/notations\/#primaryimage"},"thumbnailUrl":"https:\/\/villa-ibiza-resort.de\/wp-content\/uploads\/face.jpg","datePublished":"2019-02-26T18:27:10+00:00","dateModified":"2019-03-28T17:25:05+00:00","breadcrumb":{"@id":"https:\/\/villa-ibiza-resort.de\/fr\/a-propos-de-nous\/notations\/#breadcrumb"},"inLanguage":"fr-FR","potentialAction":[{"@type":"ReadAction","target":["https:\/\/villa-ibiza-resort.de\/fr\/a-propos-de-nous\/notations\/"]}]},{"@type":"ImageObject","inLanguage":"fr-FR","@id":"https:\/\/villa-ibiza-resort.de\/fr\/a-propos-de-nous\/notations\/#primaryimage","url":"https:\/\/villa-ibiza-resort.de\/wp-content\/uploads\/face.jpg","contentUrl":"https:\/\/villa-ibiza-resort.de\/wp-content\/uploads\/face.jpg","width":1920,"height":1050},{"@type":"BreadcrumbList","@id":"https:\/\/villa-ibiza-resort.de\/fr\/a-propos-de-nous\/notations\/#breadcrumb","itemListElement":[{"@type":"ListItem","position":1,"name":"Portada","item":"https:\/\/villa-ibiza-resort.de\/fr\/"},{"@type":"ListItem","position":2,"name":"A propos de nous","item":"https:\/\/villa-ibiza-resort.de\/fr\/a-propos-de-nous\/"},{"@type":"ListItem","position":3,"name":"Notations"}]},{"@type":"WebSite","@id":"https:\/\/villa-ibiza-resort.de\/fr\/#website","url":"https:\/\/villa-ibiza-resort.de\/fr\/","name":"Villa Ibiza Resort","description":"Paradies f\u00fcr Ruhe &amp; Erholung","potentialAction":[{"@type":"SearchAction","target":{"@type":"EntryPoint","urlTemplate":"https:\/\/villa-ibiza-resort.de\/fr\/?s={search_term_string}"},"query-input":{"@type":"PropertyValueSpecification","valueRequired":true,"valueName":"search_term_string"}}],"inLanguage":"fr-FR"}]}},"_links":{"self":[{"href":"https:\/\/villa-ibiza-resort.de\/fr\/wp-json\/wp\/v2\/pages\/3393","targetHints":{"allow":["GET"]}}],"collection":[{"href":"https:\/\/villa-ibiza-resort.de\/fr\/wp-json\/wp\/v2\/pages"}],"about":[{"href":"https:\/\/villa-ibiza-resort.de\/fr\/wp-json\/wp\/v2\/types\/page"}],"author":[{"embeddable":true,"href":"https:\/\/villa-ibiza-resort.de\/fr\/wp-json\/wp\/v2\/users\/5"}],"replies":[{"embeddable":true,"href":"https:\/\/villa-ibiza-resort.de\/fr\/wp-json\/wp\/v2\/comments?post=3393"}],"version-history":[{"count":0,"href":"https:\/\/villa-ibiza-resort.de\/fr\/wp-json\/wp\/v2\/pages\/3393\/revisions"}],"up":[{"embeddable":true,"href":"https:\/\/villa-ibiza-resort.de\/fr\/wp-json\/wp\/v2\/pages\/3364"}],"wp:featuredmedia":[{"embeddable":true,"href":"https:\/\/villa-ibiza-resort.de\/fr\/wp-json\/wp\/v2\/media\/3397"}],"wp:attachment":[{"href":"https:\/\/villa-ibiza-resort.de\/fr\/wp-json\/wp\/v2\/media?parent=3393"}],"curies":[{"name":"wp","href":"https:\/\/api.w.org\/{rel}","templated":true}]}}