{"id":3409,"date":"2019-02-14T20:31:41","date_gmt":"2019-02-14T20:31:41","guid":{"rendered":"https:\/\/villa-ibiza-resort.de\/impressum\/"},"modified":"2025-07-16T12:30:43","modified_gmt":"2025-07-16T12:30:43","slug":"imprimer","status":"publish","type":"page","link":"https:\/\/villa-ibiza-resort.de\/fr\/imprimer\/","title":{"rendered":"Imprimer"},"content":{"rendered":"<div class=\"wpb-content-wrapper\">[vc_row][vc_column][vc_wp_text]\n<h4>Avis de chantier<\/h4>\n<h4>Informations selon \u00a7 5 TMG<\/h4>\n<p>Michael Greiling<br \/>\nCan Alba, Poligono 32, No.11057, 07830 San Jos\u00e9, Ibiza<\/p>\n<h4>Contact<\/h4>\n<p>T\u00e9l\u00e9phone: +49 163 4718610<br \/>\nE-mail: &#x6d;&#x69;&#x63;&#x68;&#x61;&#x65;&#x6c;&#x40;&#x76;&#x69;&#x6c;&#x6c;&#x61;&#x2d;&#105;&#98;&#105;&#122;&#97;&#45;&#114;&#101;&#115;&#111;&#114;t&#46;de<\/p>\n<h4>R\u00e8glement des litiges de l&rsquo;UE<\/h4>\n<p><a>La Commission europ\u00e9enne fournit une plate-forme de r\u00e9solution des litiges en ligne (https:\/\/ec.europa.eu\/consumers\/odr).<br \/>\nNotre adresse e-mail se trouve ci-dessus dans l&rsquo;avis du site.<br \/>\nNous ne participons pas \u00e0 une proc\u00e9dure de r\u00e8glement des diff\u00e9rends devant un conseil d&rsquo;arbitrage de consommation.<\/a><\/p>\n<h5>Responsabilit\u00e9 pour le contenu<\/h5>\n<p>En tant que fournisseurs de services, nous sommes responsables du contenu de ces sites conform\u00e9ment \u00e0 la Sec. 7, paragraphe 1 de la loi allemande sur les t\u00e9l\u00e9m\u00e9dias (TMG). Cependant, selon la Sec. 8 \u00e0 10 de la loi allemande sur les t\u00e9l\u00e9m\u00e9dias (TMG), les fournisseurs de services ne sont pas tenus de contr\u00f4ler en permanence les informations soumises ou stock\u00e9es, ni de rechercher des preuves indiquant des activit\u00e9s ill\u00e9gales.<\/p>\n<p>Les obligations l\u00e9gales de supprimer des informations ou de bloquer leur utilisation restent incontest\u00e9es. Dans ce cas, la responsabilit\u00e9 n&rsquo;est possible qu&rsquo;au moment de la connaissance d&rsquo;une violation sp\u00e9cifique du droit. Les contenus ill\u00e9gaux seront imm\u00e9diatement supprim\u00e9s d\u00e8s que nous en aurons connaissance.<\/p>\n<h5>Responsabilit\u00e9 des liens<\/h5>\n<p>Notre offre comprend des liens vers des sites Web tiers. Nous n&rsquo;avons aucune influence sur le contenu de ces sites Web, nous ne pouvons donc pas garantir ce contenu. Les fournisseurs ou administrateurs de sites Web li\u00e9s sont toujours responsables de leurs propres contenus.<\/p>\n<p>Les sites Web li\u00e9s avaient \u00e9t\u00e9 v\u00e9rifi\u00e9s pour d\u00e9tecter d&rsquo;\u00e9ventuelles violations de la loi au moment de l&rsquo;\u00e9tablissement du lien. Le contenu ill\u00e9gal n&rsquo;a pas \u00e9t\u00e9 d\u00e9tect\u00e9 au moment de la liaison. Une surveillance permanente du contenu des sites Web li\u00e9s ne peut \u00eatre impos\u00e9e sans des indications raisonnables qu&rsquo;il y a eu violation du droit. Les liens ill\u00e9gaux seront supprim\u00e9s d\u00e8s que nous en aurons connaissance.<\/p>\n<h5>Droits d&rsquo;auteur<\/h5>\n<p>Le contenu et les compilations publi\u00e9es sur ces sites Web par les fournisseurs sont soumis aux lois allemandes sur le droit d&rsquo;auteur. La reproduction, l&rsquo;\u00e9dition, la distribution ainsi que l&rsquo;utilisation de toute sorte de choses en dehors du champ d&rsquo;application de la loi sur le droit d&rsquo;auteur n\u00e9cessitent une autorisation \u00e9crite de l&rsquo;auteur ou de l&rsquo;auteur. Les t\u00e9l\u00e9chargements et les copies de ces sites Web sont uniquement autoris\u00e9s pour un usage priv\u00e9.<br \/>\nL&rsquo;utilisation commerciale de nos contenus sans l&rsquo;autorisation de l&rsquo;auteur est interdite.<\/p>\n<p>Les lois sur les droits d&rsquo;auteur de tiers sont respect\u00e9es tant que le contenu de ces sites Web ne provient pas du fournisseur. Les contributions de tiers sur ce site sont indiqu\u00e9es comme telles. Toutefois, si vous constatez des violations du droit d&rsquo;auteur, veuillez nous en informer. Ce contenu sera imm\u00e9diatement supprim\u00e9.<\/p>\n[\/vc_wp_text][\/vc_column][\/vc_row]\n<\/div>","protected":false},"excerpt":{"rendered":"<p>[vc_row][vc_column][vc_wp_text] Avis de chantier Informations selon \u00a7 5 TMG Michael Greiling Can Alba, Poligono 32, No.11057, 07830 San Jos\u00e9, Ibiza Contact T\u00e9l\u00e9phone: +49 163 4718610 E-mail: &#x6d;&#x69;&#x63;&#x68;&#x61;&#101;&#108;&#64;&#118;ill&#x61;&#x2d;&#x69;&#x62;&#x69;&#x7a;&#97;&#45;&#114;eso&#x72;&#x74;&#x2e;&#x64;&#x65; R\u00e8glement des litiges de l&rsquo;UE La Commission europ\u00e9enne fournit une plate-forme de r\u00e9solution des litiges en ligne (https:\/\/ec.europa.eu\/consumers\/odr). Notre adresse e-mail se trouve ci-dessus dans l&rsquo;avis du site. [&hellip;]<\/p>\n","protected":false},"author":7,"featured_media":3410,"parent":0,"menu_order":0,"comment_status":"closed","ping_status":"closed","template":"","meta":{"footnotes":""},"class_list":["post-3409","page","type-page","status-publish","has-post-thumbnail","hentry"],"yoast_head":"<!-- This site is optimized with the Yoast SEO plugin v26.5 - https:\/\/yoast.com\/wordpress\/plugins\/seo\/ -->\n<title>Imprimer - Villa Ibiza Resort<\/title>\n<meta name=\"robots\" content=\"index, follow, max-snippet:-1, max-image-preview:large, max-video-preview:-1\" \/>\n<link rel=\"canonical\" href=\"https:\/\/villa-ibiza-resort.de\/fr\/imprimer\/\" \/>\n<meta property=\"og:locale\" content=\"fr_FR\" \/>\n<meta property=\"og:type\" content=\"article\" \/>\n<meta property=\"og:title\" content=\"Imprimer - Villa Ibiza Resort\" \/>\n<meta property=\"og:description\" content=\"[vc_row][vc_column][vc_wp_text] Avis de chantier Informations selon \u00a7 5 TMG Michael Greiling Can Alba, Poligono 32, No.11057, 07830 San Jos\u00e9, Ibiza Contact T\u00e9l\u00e9phone: +49 163 4718610 E-mail: &#x6d;&#105;&#x63;&#x68;a&#x65;&#108;&#064;&#x76;&#105;l&#x6c;&#097;&#x2d;&#x69;b&#x69;&#122;a&#x2d;&#114;e&#x73;&#111;&#x72;&#x74;&#046;&#x64;&#x65; R\u00e8glement des litiges de l&rsquo;UE La Commission europ\u00e9enne fournit une plate-forme de r\u00e9solution des litiges en ligne (https:\/\/ec.europa.eu\/consumers\/odr). Notre adresse e-mail se trouve ci-dessus dans l&rsquo;avis du site. [&hellip;]\" \/>\n<meta property=\"og:url\" content=\"https:\/\/villa-ibiza-resort.de\/fr\/imprimer\/\" \/>\n<meta property=\"og:site_name\" content=\"Villa Ibiza Resort\" \/>\n<meta property=\"article:modified_time\" content=\"2025-07-16T12:30:43+00:00\" \/>\n<meta property=\"og:image\" content=\"https:\/\/villa-ibiza-resort.de\/wp-content\/uploads\/Can-Alba-1-8.jpg\" \/>\n\t<meta property=\"og:image:width\" content=\"3000\" \/>\n\t<meta property=\"og:image:height\" content=\"2000\" \/>\n\t<meta property=\"og:image:type\" content=\"image\/jpeg\" \/>\n<meta name=\"twitter:card\" content=\"summary_large_image\" \/>\n<meta name=\"twitter:label1\" content=\"Dur\u00e9e de lecture estim\u00e9e\" \/>\n\t<meta name=\"twitter:data1\" content=\"3 minutes\" \/>\n<script type=\"application\/ld+json\" class=\"yoast-schema-graph\">{\"@context\":\"https:\/\/schema.org\",\"@graph\":[{\"@type\":\"WebPage\",\"@id\":\"https:\/\/villa-ibiza-resort.de\/fr\/imprimer\/\",\"url\":\"https:\/\/villa-ibiza-resort.de\/fr\/imprimer\/\",\"name\":\"Imprimer - Villa Ibiza Resort\",\"isPartOf\":{\"@id\":\"https:\/\/villa-ibiza-resort.de\/fr\/#website\"},\"primaryImageOfPage\":{\"@id\":\"https:\/\/villa-ibiza-resort.de\/fr\/imprimer\/#primaryimage\"},\"image\":{\"@id\":\"https:\/\/villa-ibiza-resort.de\/fr\/imprimer\/#primaryimage\"},\"thumbnailUrl\":\"https:\/\/villa-ibiza-resort.de\/wp-content\/uploads\/Can-Alba-1-8.jpg\",\"datePublished\":\"2019-02-14T20:31:41+00:00\",\"dateModified\":\"2025-07-16T12:30:43+00:00\",\"breadcrumb\":{\"@id\":\"https:\/\/villa-ibiza-resort.de\/fr\/imprimer\/#breadcrumb\"},\"inLanguage\":\"fr-FR\",\"potentialAction\":[{\"@type\":\"ReadAction\",\"target\":[\"https:\/\/villa-ibiza-resort.de\/fr\/imprimer\/\"]}]},{\"@type\":\"ImageObject\",\"inLanguage\":\"fr-FR\",\"@id\":\"https:\/\/villa-ibiza-resort.de\/fr\/imprimer\/#primaryimage\",\"url\":\"https:\/\/villa-ibiza-resort.de\/wp-content\/uploads\/Can-Alba-1-8.jpg\",\"contentUrl\":\"https:\/\/villa-ibiza-resort.de\/wp-content\/uploads\/Can-Alba-1-8.jpg\",\"width\":3000,\"height\":2000},{\"@type\":\"BreadcrumbList\",\"@id\":\"https:\/\/villa-ibiza-resort.de\/fr\/imprimer\/#breadcrumb\",\"itemListElement\":[{\"@type\":\"ListItem\",\"position\":1,\"name\":\"Portada\",\"item\":\"https:\/\/villa-ibiza-resort.de\/fr\/\"},{\"@type\":\"ListItem\",\"position\":2,\"name\":\"Imprimer\"}]},{\"@type\":\"WebSite\",\"@id\":\"https:\/\/villa-ibiza-resort.de\/fr\/#website\",\"url\":\"https:\/\/villa-ibiza-resort.de\/fr\/\",\"name\":\"Villa Ibiza Resort\",\"description\":\"Paradies f\u00fcr Ruhe &amp; Erholung\",\"potentialAction\":[{\"@type\":\"SearchAction\",\"target\":{\"@type\":\"EntryPoint\",\"urlTemplate\":\"https:\/\/villa-ibiza-resort.de\/fr\/?s={search_term_string}\"},\"query-input\":{\"@type\":\"PropertyValueSpecification\",\"valueRequired\":true,\"valueName\":\"search_term_string\"}}],\"inLanguage\":\"fr-FR\"}]}<\/script>\n<!-- \/ Yoast SEO plugin. -->","yoast_head_json":{"title":"Imprimer - Villa Ibiza Resort","robots":{"index":"index","follow":"follow","max-snippet":"max-snippet:-1","max-image-preview":"max-image-preview:large","max-video-preview":"max-video-preview:-1"},"canonical":"https:\/\/villa-ibiza-resort.de\/fr\/imprimer\/","og_locale":"fr_FR","og_type":"article","og_title":"Imprimer - Villa Ibiza Resort","og_description":"[vc_row][vc_column][vc_wp_text] Avis de chantier Informations selon \u00a7 5 TMG Michael Greiling Can Alba, Poligono 32, No.11057, 07830 San Jos\u00e9, Ibiza Contact T\u00e9l\u00e9phone: +49 163 4718610 E-mail: &#109;&#x69;&#99;&#x68;&#97;&#x65;l&#x40;v&#x69;l&#108;&#x61;&#45;&#x69;&#98;&#x69;&#122;&#x61;-&#x72;e&#x73;o&#114;&#x74;&#46;&#x64;&#101; R\u00e8glement des litiges de l&rsquo;UE La Commission europ\u00e9enne fournit une plate-forme de r\u00e9solution des litiges en ligne (https:\/\/ec.europa.eu\/consumers\/odr). Notre adresse e-mail se trouve ci-dessus dans l&rsquo;avis du site. [&hellip;]","og_url":"https:\/\/villa-ibiza-resort.de\/fr\/imprimer\/","og_site_name":"Villa Ibiza Resort","article_modified_time":"2025-07-16T12:30:43+00:00","og_image":[{"width":3000,"height":2000,"url":"https:\/\/villa-ibiza-resort.de\/wp-content\/uploads\/Can-Alba-1-8.jpg","type":"image\/jpeg"}],"twitter_card":"summary_large_image","twitter_misc":{"Dur\u00e9e de lecture estim\u00e9e":"3 minutes"},"schema":{"@context":"https:\/\/schema.org","@graph":[{"@type":"WebPage","@id":"https:\/\/villa-ibiza-resort.de\/fr\/imprimer\/","url":"https:\/\/villa-ibiza-resort.de\/fr\/imprimer\/","name":"Imprimer - Villa Ibiza Resort","isPartOf":{"@id":"https:\/\/villa-ibiza-resort.de\/fr\/#website"},"primaryImageOfPage":{"@id":"https:\/\/villa-ibiza-resort.de\/fr\/imprimer\/#primaryimage"},"image":{"@id":"https:\/\/villa-ibiza-resort.de\/fr\/imprimer\/#primaryimage"},"thumbnailUrl":"https:\/\/villa-ibiza-resort.de\/wp-content\/uploads\/Can-Alba-1-8.jpg","datePublished":"2019-02-14T20:31:41+00:00","dateModified":"2025-07-16T12:30:43+00:00","breadcrumb":{"@id":"https:\/\/villa-ibiza-resort.de\/fr\/imprimer\/#breadcrumb"},"inLanguage":"fr-FR","potentialAction":[{"@type":"ReadAction","target":["https:\/\/villa-ibiza-resort.de\/fr\/imprimer\/"]}]},{"@type":"ImageObject","inLanguage":"fr-FR","@id":"https:\/\/villa-ibiza-resort.de\/fr\/imprimer\/#primaryimage","url":"https:\/\/villa-ibiza-resort.de\/wp-content\/uploads\/Can-Alba-1-8.jpg","contentUrl":"https:\/\/villa-ibiza-resort.de\/wp-content\/uploads\/Can-Alba-1-8.jpg","width":3000,"height":2000},{"@type":"BreadcrumbList","@id":"https:\/\/villa-ibiza-resort.de\/fr\/imprimer\/#breadcrumb","itemListElement":[{"@type":"ListItem","position":1,"name":"Portada","item":"https:\/\/villa-ibiza-resort.de\/fr\/"},{"@type":"ListItem","position":2,"name":"Imprimer"}]},{"@type":"WebSite","@id":"https:\/\/villa-ibiza-resort.de\/fr\/#website","url":"https:\/\/villa-ibiza-resort.de\/fr\/","name":"Villa Ibiza Resort","description":"Paradies f\u00fcr Ruhe &amp; Erholung","potentialAction":[{"@type":"SearchAction","target":{"@type":"EntryPoint","urlTemplate":"https:\/\/villa-ibiza-resort.de\/fr\/?s={search_term_string}"},"query-input":{"@type":"PropertyValueSpecification","valueRequired":true,"valueName":"search_term_string"}}],"inLanguage":"fr-FR"}]}},"_links":{"self":[{"href":"https:\/\/villa-ibiza-resort.de\/fr\/wp-json\/wp\/v2\/pages\/3409","targetHints":{"allow":["GET"]}}],"collection":[{"href":"https:\/\/villa-ibiza-resort.de\/fr\/wp-json\/wp\/v2\/pages"}],"about":[{"href":"https:\/\/villa-ibiza-resort.de\/fr\/wp-json\/wp\/v2\/types\/page"}],"author":[{"embeddable":true,"href":"https:\/\/villa-ibiza-resort.de\/fr\/wp-json\/wp\/v2\/users\/7"}],"replies":[{"embeddable":true,"href":"https:\/\/villa-ibiza-resort.de\/fr\/wp-json\/wp\/v2\/comments?post=3409"}],"version-history":[{"count":1,"href":"https:\/\/villa-ibiza-resort.de\/fr\/wp-json\/wp\/v2\/pages\/3409\/revisions"}],"predecessor-version":[{"id":4153,"href":"https:\/\/villa-ibiza-resort.de\/fr\/wp-json\/wp\/v2\/pages\/3409\/revisions\/4153"}],"wp:featuredmedia":[{"embeddable":true,"href":"https:\/\/villa-ibiza-resort.de\/fr\/wp-json\/wp\/v2\/media\/3410"}],"wp:attachment":[{"href":"https:\/\/villa-ibiza-resort.de\/fr\/wp-json\/wp\/v2\/media?parent=3409"}],"curies":[{"name":"wp","href":"https:\/\/api.w.org\/{rel}","templated":true}]}}